{"id":472,"date":"2024-03-11T21:51:11","date_gmt":"2024-03-11T21:51:11","guid":{"rendered":"https:\/\/eco-terra.mx\/inicio\/?page_id=472"},"modified":"2024-03-13T22:52:11","modified_gmt":"2024-03-13T22:52:11","slug":"perforacion-y-muestreo","status":"publish","type":"page","link":"https:\/\/eco-terra.mx\/inicio\/perforacion-y-muestreo\/","title":{"rendered":""},"content":{"rendered":"\t\t<div data-elementor-type=\"wp-page\" data-elementor-id=\"472\" class=\"elementor elementor-472\">\n\t\t\t\t<div class=\"elementor-element elementor-element-4c2d075 e-flex e-con-boxed e-con e-parent\" data-id=\"4c2d075\" data-element_type=\"container\" data-e-type=\"container\" data-settings=\"{&quot;background_background&quot;:&quot;classic&quot;}\">\n\t\t\t\t\t<div class=\"e-con-inner\">\n\t\t\t\t<div class=\"elementor-element elementor-element-5116e8a elementor-widget elementor-widget-spacer\" data-id=\"5116e8a\" data-element_type=\"widget\" data-e-type=\"widget\" data-widget_type=\"spacer.default\">\n\t\t\t\t<div class=\"elementor-widget-container\">\n\t\t\t\t\t\t\t<div class=\"elementor-spacer\">\n\t\t\t<div class=\"elementor-spacer-inner\"><\/div>\n\t\t<\/div>\n\t\t\t\t\t\t<\/div>\n\t\t\t\t<\/div>\n\t\t\t\t<div class=\"elementor-element elementor-element-aaeb4c8 elementor-widget elementor-widget-heading\" data-id=\"aaeb4c8\" data-element_type=\"widget\" data-e-type=\"widget\" data-widget_type=\"heading.default\">\n\t\t\t\t<div class=\"elementor-widget-container\">\n\t\t\t\t\t<h2 class=\"elementor-heading-title elementor-size-default\">Perforaci\u00f3n y Muestreo<\/h2>\t\t\t\t<\/div>\n\t\t\t\t<\/div>\n\t\t\t\t<div class=\"elementor-element elementor-element-a662300 elementor-widget elementor-widget-spacer\" data-id=\"a662300\" data-element_type=\"widget\" data-e-type=\"widget\" data-widget_type=\"spacer.default\">\n\t\t\t\t<div class=\"elementor-widget-container\">\n\t\t\t\t\t\t\t<div class=\"elementor-spacer\">\n\t\t\t<div class=\"elementor-spacer-inner\"><\/div>\n\t\t<\/div>\n\t\t\t\t\t\t<\/div>\n\t\t\t\t<\/div>\n\t\t\t\t\t<\/div>\n\t\t\t\t<\/div>\n\t\t<div class=\"elementor-element elementor-element-627c792 e-flex e-con-boxed e-con e-parent\" data-id=\"627c792\" data-element_type=\"container\" data-e-type=\"container\">\n\t\t\t\t\t<div class=\"e-con-inner\">\n\t\t<div class=\"elementor-element elementor-element-e1e24ba e-con-full e-flex e-con e-child\" data-id=\"e1e24ba\" data-element_type=\"container\" data-e-type=\"container\">\n\t\t\t\t<div class=\"elementor-element elementor-element-4b56fc6 elementor-widget elementor-widget-text-editor\" data-id=\"4b56fc6\" data-element_type=\"widget\" data-e-type=\"widget\" data-widget_type=\"text-editor.default\">\n\t\t\t\t<div class=\"elementor-widget-container\">\n\t\t\t\t\t\t\t\t\t<p class=\"MsoNormal\"><span style=\"font-family: Roboto; background-image: initial; background-position: initial; background-size: initial; background-repeat: initial; background-attachment: initial; background-origin: initial; background-clip: initial;\">Nuestros t\u00e9cnicos de perforaci\u00f3n cuentan con amplia experiencia de trabajo en plantas industriales en operaci\u00f3n, \u00e1reas con estructuras subterr\u00e1neas o de ductos y zonas residenciales, garantizando.<\/span><\/p><ul><li class=\"MsoNormal\">Perforaci\u00f3n para muestreos ambientales de suelo.<\/li><li>Perforaci\u00f3n para la instalaci\u00f3n de pozos de monitoreo de agua subterr\u00e1nea.<\/li><li>Perforaci\u00f3n en lugares de dif\u00edcil acceso.<\/li><li>Mec\u00e1nica de suelos.<\/li><li>Toma de muestras representativas de suelo, agua subterr\u00e1nea y sedimentos.<\/li><\/ul>\t\t\t\t\t\t\t\t<\/div>\n\t\t\t\t<\/div>\n\t\t\t\t<\/div>\n\t\t<div class=\"elementor-element elementor-element-e2bc86c e-con-full e-flex e-con e-child\" data-id=\"e2bc86c\" data-element_type=\"container\" data-e-type=\"container\">\n\t\t\t\t<div class=\"elementor-element elementor-element-9b3aa2c elementor-widget elementor-widget-image\" data-id=\"9b3aa2c\" data-element_type=\"widget\" data-e-type=\"widget\" data-widget_type=\"image.default\">\n\t\t\t\t<div class=\"elementor-widget-container\">\n\t\t\t\t\t\t\t\t\t\t\t\t\t\t\t<img fetchpriority=\"high\" decoding=\"async\" width=\"779\" height=\"1024\" src=\"https:\/\/eco-terra.mx\/inicio\/wp-content\/uploads\/2024\/03\/Imagen24-779x1024.png\" class=\"attachment-large size-large wp-image-474\" alt=\"\" srcset=\"https:\/\/eco-terra.mx\/inicio\/wp-content\/uploads\/2024\/03\/Imagen24-779x1024.png 779w, https:\/\/eco-terra.mx\/inicio\/wp-content\/uploads\/2024\/03\/Imagen24-228x300.png 228w, https:\/\/eco-terra.mx\/inicio\/wp-content\/uploads\/2024\/03\/Imagen24-1168x1536.png 1168w, https:\/\/eco-terra.mx\/inicio\/wp-content\/uploads\/2024\/03\/Imagen24-1558x2048.png 1558w, https:\/\/eco-terra.mx\/inicio\/wp-content\/uploads\/2024\/03\/Imagen24.png 1647w\" sizes=\"100vw\" \/>\t\t\t\t\t\t\t\t\t\t\t\t\t\t\t<\/div>\n\t\t\t\t<\/div>\n\t\t\t\t<\/div>\n\t\t\t\t\t<\/div>\n\t\t\t\t<\/div>\n\t\t\t\t<\/div>\n\t\t","protected":false},"excerpt":{"rendered":"<p>Perforaci\u00f3n y Muestreo Nuestros t\u00e9cnicos de perforaci\u00f3n cuentan con amplia experiencia de trabajo en plantas industriales en operaci\u00f3n, \u00e1reas con estructuras subterr\u00e1neas o de ductos y zonas residenciales, garantizando. Perforaci\u00f3n para muestreos ambientales de suelo. Perforaci\u00f3n para la instalaci\u00f3n de pozos de monitoreo de agua subterr\u00e1nea. Perforaci\u00f3n en lugares de dif\u00edcil acceso. Mec\u00e1nica de suelos. &hellip; <\/p>\n<p class=\"link-more\"><a href=\"https:\/\/eco-terra.mx\/inicio\/perforacion-y-muestreo\/\" class=\"more-link\">Leer m\u00e1s<span class=\"screen-reader-text\"> \u00ab\u00bb<\/span><\/a><\/p>\n","protected":false},"author":1,"featured_media":0,"parent":0,"menu_order":0,"comment_status":"closed","ping_status":"closed","template":"","meta":{"inspiro_hide_title":false,"footnotes":""},"class_list":["post-472","page","type-page","status-publish","hentry"],"_links":{"self":[{"href":"https:\/\/eco-terra.mx\/inicio\/wp-json\/wp\/v2\/pages\/472","targetHints":{"allow":["GET"]}}],"collection":[{"href":"https:\/\/eco-terra.mx\/inicio\/wp-json\/wp\/v2\/pages"}],"about":[{"href":"https:\/\/eco-terra.mx\/inicio\/wp-json\/wp\/v2\/types\/page"}],"author":[{"embeddable":true,"href":"https:\/\/eco-terra.mx\/inicio\/wp-json\/wp\/v2\/users\/1"}],"replies":[{"embeddable":true,"href":"https:\/\/eco-terra.mx\/inicio\/wp-json\/wp\/v2\/comments?post=472"}],"version-history":[{"count":11,"href":"https:\/\/eco-terra.mx\/inicio\/wp-json\/wp\/v2\/pages\/472\/revisions"}],"predecessor-version":[{"id":665,"href":"https:\/\/eco-terra.mx\/inicio\/wp-json\/wp\/v2\/pages\/472\/revisions\/665"}],"wp:attachment":[{"href":"https:\/\/eco-terra.mx\/inicio\/wp-json\/wp\/v2\/media?parent=472"}],"curies":[{"name":"wp","href":"https:\/\/api.w.org\/{rel}","templated":true}]}}