{"id":446,"date":"2024-03-11T21:17:01","date_gmt":"2024-03-11T21:17:01","guid":{"rendered":"https:\/\/eco-terra.mx\/inicio\/?page_id=446"},"modified":"2024-03-13T22:50:49","modified_gmt":"2024-03-13T22:50:49","slug":"gestion-ambiental","status":"publish","type":"page","link":"https:\/\/eco-terra.mx\/inicio\/gestion-ambiental\/","title":{"rendered":""},"content":{"rendered":"\t\t<div data-elementor-type=\"wp-page\" data-elementor-id=\"446\" class=\"elementor elementor-446\">\n\t\t\t\t<div class=\"elementor-element elementor-element-818ee10 e-flex e-con-boxed e-con e-parent\" data-id=\"818ee10\" data-element_type=\"container\" data-e-type=\"container\" data-settings=\"{&quot;background_background&quot;:&quot;classic&quot;}\">\n\t\t\t\t\t<div class=\"e-con-inner\">\n\t\t\t\t<div class=\"elementor-element elementor-element-866be7b elementor-widget elementor-widget-spacer\" data-id=\"866be7b\" data-element_type=\"widget\" data-e-type=\"widget\" data-widget_type=\"spacer.default\">\n\t\t\t\t<div class=\"elementor-widget-container\">\n\t\t\t\t\t\t\t<div class=\"elementor-spacer\">\n\t\t\t<div class=\"elementor-spacer-inner\"><\/div>\n\t\t<\/div>\n\t\t\t\t\t\t<\/div>\n\t\t\t\t<\/div>\n\t\t\t\t<div class=\"elementor-element elementor-element-e700aa1 elementor-widget elementor-widget-heading\" data-id=\"e700aa1\" data-element_type=\"widget\" data-e-type=\"widget\" data-widget_type=\"heading.default\">\n\t\t\t\t<div class=\"elementor-widget-container\">\n\t\t\t\t\t<h2 class=\"elementor-heading-title elementor-size-default\">Gesti\u00f3n Ambiental<\/h2>\t\t\t\t<\/div>\n\t\t\t\t<\/div>\n\t\t\t\t<div class=\"elementor-element elementor-element-97b702a elementor-widget elementor-widget-spacer\" data-id=\"97b702a\" data-element_type=\"widget\" data-e-type=\"widget\" data-widget_type=\"spacer.default\">\n\t\t\t\t<div class=\"elementor-widget-container\">\n\t\t\t\t\t\t\t<div class=\"elementor-spacer\">\n\t\t\t<div class=\"elementor-spacer-inner\"><\/div>\n\t\t<\/div>\n\t\t\t\t\t\t<\/div>\n\t\t\t\t<\/div>\n\t\t\t\t\t<\/div>\n\t\t\t\t<\/div>\n\t\t<div class=\"elementor-element elementor-element-7960fa0 e-flex e-con-boxed e-con e-parent\" data-id=\"7960fa0\" data-element_type=\"container\" data-e-type=\"container\">\n\t\t\t\t\t<div class=\"e-con-inner\">\n\t\t<div class=\"elementor-element elementor-element-f8e9d58 e-con-full e-flex e-con e-child\" data-id=\"f8e9d58\" data-element_type=\"container\" data-e-type=\"container\">\n\t\t\t\t<div class=\"elementor-element elementor-element-90877f0 elementor-widget elementor-widget-image\" data-id=\"90877f0\" data-element_type=\"widget\" data-e-type=\"widget\" data-widget_type=\"image.default\">\n\t\t\t\t<div class=\"elementor-widget-container\">\n\t\t\t\t\t\t\t\t\t\t\t\t\t\t\t<img fetchpriority=\"high\" decoding=\"async\" width=\"950\" height=\"710\" src=\"https:\/\/eco-terra.mx\/inicio\/wp-content\/uploads\/2024\/03\/Imagen21-1024x765.png\" class=\"attachment-large size-large wp-image-450\" alt=\"\" srcset=\"https:\/\/eco-terra.mx\/inicio\/wp-content\/uploads\/2024\/03\/Imagen21-1024x765.png 1024w, https:\/\/eco-terra.mx\/inicio\/wp-content\/uploads\/2024\/03\/Imagen21-300x224.png 300w, https:\/\/eco-terra.mx\/inicio\/wp-content\/uploads\/2024\/03\/Imagen21-1536x1148.png 1536w, https:\/\/eco-terra.mx\/inicio\/wp-content\/uploads\/2024\/03\/Imagen21.png 1790w\" sizes=\"100vw\" \/>\t\t\t\t\t\t\t\t\t\t\t\t\t\t\t<\/div>\n\t\t\t\t<\/div>\n\t\t\t\t<\/div>\n\t\t<div class=\"elementor-element elementor-element-78f217f e-con-full e-flex e-con e-child\" data-id=\"78f217f\" data-element_type=\"container\" data-e-type=\"container\">\n\t\t\t\t<div class=\"elementor-element elementor-element-06a6105 elementor-widget elementor-widget-text-editor\" data-id=\"06a6105\" data-element_type=\"widget\" data-e-type=\"widget\" data-widget_type=\"text-editor.default\">\n\t\t\t\t<div class=\"elementor-widget-container\">\n\t\t\t\t\t\t\t\t\t<ul><li>Implementaci\u00f3n del c\u00f3digo internacional para el manejo de cianuro.<\/li><li>Auditorias ambientales fase 1 y fase 2.<\/li><li>Manifestaciones de impacto ambiental.<\/li><li>Informes preventivos.<\/li><li>Planes de manejo integral de residuos.<\/li><li>Estudios t\u00e9cnicos justificativos.<\/li><li>Planes de ordenamiento territorial.<\/li><li>Estudios de riesgo ambiental.<\/li><li>Atlas de riesgos industriales y ambientales.<\/li><li>Planes de cierre.<\/li><li>Innovaci\u00f3n y desarrollo de software para aplicaciones ambientales.<\/li><\/ul>\t\t\t\t\t\t\t\t<\/div>\n\t\t\t\t<\/div>\n\t\t\t\t<\/div>\n\t\t\t\t\t<\/div>\n\t\t\t\t<\/div>\n\t\t\t\t<\/div>\n\t\t","protected":false},"excerpt":{"rendered":"<p>Gesti\u00f3n Ambiental Implementaci\u00f3n del c\u00f3digo internacional para el manejo de cianuro. Auditorias ambientales fase 1 y fase 2. Manifestaciones de impacto ambiental. Informes preventivos. Planes de manejo integral de residuos. Estudios t\u00e9cnicos justificativos. Planes de ordenamiento territorial. Estudios de riesgo ambiental. Atlas de riesgos industriales y ambientales. Planes de cierre. Innovaci\u00f3n y desarrollo de software &hellip; <\/p>\n<p class=\"link-more\"><a href=\"https:\/\/eco-terra.mx\/inicio\/gestion-ambiental\/\" class=\"more-link\">Leer m\u00e1s<span class=\"screen-reader-text\"> \u00ab\u00bb<\/span><\/a><\/p>\n","protected":false},"author":1,"featured_media":0,"parent":0,"menu_order":0,"comment_status":"closed","ping_status":"closed","template":"","meta":{"inspiro_hide_title":false,"footnotes":""},"class_list":["post-446","page","type-page","status-publish","hentry"],"_links":{"self":[{"href":"https:\/\/eco-terra.mx\/inicio\/wp-json\/wp\/v2\/pages\/446","targetHints":{"allow":["GET"]}}],"collection":[{"href":"https:\/\/eco-terra.mx\/inicio\/wp-json\/wp\/v2\/pages"}],"about":[{"href":"https:\/\/eco-terra.mx\/inicio\/wp-json\/wp\/v2\/types\/page"}],"author":[{"embeddable":true,"href":"https:\/\/eco-terra.mx\/inicio\/wp-json\/wp\/v2\/users\/1"}],"replies":[{"embeddable":true,"href":"https:\/\/eco-terra.mx\/inicio\/wp-json\/wp\/v2\/comments?post=446"}],"version-history":[{"count":8,"href":"https:\/\/eco-terra.mx\/inicio\/wp-json\/wp\/v2\/pages\/446\/revisions"}],"predecessor-version":[{"id":664,"href":"https:\/\/eco-terra.mx\/inicio\/wp-json\/wp\/v2\/pages\/446\/revisions\/664"}],"wp:attachment":[{"href":"https:\/\/eco-terra.mx\/inicio\/wp-json\/wp\/v2\/media?parent=446"}],"curies":[{"name":"wp","href":"https:\/\/api.w.org\/{rel}","templated":true}]}}