{"id":434,"date":"2024-03-11T21:02:08","date_gmt":"2024-03-11T21:02:08","guid":{"rendered":"https:\/\/eco-terra.mx\/inicio\/?page_id=434"},"modified":"2024-03-13T22:54:25","modified_gmt":"2024-03-13T22:54:25","slug":"remediacion-ambiental","status":"publish","type":"page","link":"https:\/\/eco-terra.mx\/inicio\/remediacion-ambiental\/","title":{"rendered":""},"content":{"rendered":"\t\t<div data-elementor-type=\"wp-page\" data-elementor-id=\"434\" class=\"elementor elementor-434\">\n\t\t\t\t<div class=\"elementor-element elementor-element-c8c860f e-flex e-con-boxed e-con e-parent\" data-id=\"c8c860f\" data-element_type=\"container\" data-e-type=\"container\" data-settings=\"{&quot;background_background&quot;:&quot;classic&quot;}\">\n\t\t\t\t\t<div class=\"e-con-inner\">\n\t\t\t\t<div class=\"elementor-element elementor-element-26ded04 elementor-widget elementor-widget-spacer\" data-id=\"26ded04\" data-element_type=\"widget\" data-e-type=\"widget\" data-widget_type=\"spacer.default\">\n\t\t\t\t<div class=\"elementor-widget-container\">\n\t\t\t\t\t\t\t<div class=\"elementor-spacer\">\n\t\t\t<div class=\"elementor-spacer-inner\"><\/div>\n\t\t<\/div>\n\t\t\t\t\t\t<\/div>\n\t\t\t\t<\/div>\n\t\t\t\t<div class=\"elementor-element elementor-element-a3d2fd5 elementor-widget elementor-widget-heading\" data-id=\"a3d2fd5\" data-element_type=\"widget\" data-e-type=\"widget\" data-widget_type=\"heading.default\">\n\t\t\t\t<div class=\"elementor-widget-container\">\n\t\t\t\t\t<h2 class=\"elementor-heading-title elementor-size-default\">Remediaci\u00f3n Ambiental<\/h2>\t\t\t\t<\/div>\n\t\t\t\t<\/div>\n\t\t\t\t<div class=\"elementor-element elementor-element-d4bd4e3 elementor-widget elementor-widget-spacer\" data-id=\"d4bd4e3\" data-element_type=\"widget\" data-e-type=\"widget\" data-widget_type=\"spacer.default\">\n\t\t\t\t<div class=\"elementor-widget-container\">\n\t\t\t\t\t\t\t<div class=\"elementor-spacer\">\n\t\t\t<div class=\"elementor-spacer-inner\"><\/div>\n\t\t<\/div>\n\t\t\t\t\t\t<\/div>\n\t\t\t\t<\/div>\n\t\t\t\t\t<\/div>\n\t\t\t\t<\/div>\n\t\t<div class=\"elementor-element elementor-element-29b06db e-flex e-con-boxed e-con e-parent\" data-id=\"29b06db\" data-element_type=\"container\" data-e-type=\"container\">\n\t\t\t\t\t<div class=\"e-con-inner\">\n\t\t<div class=\"elementor-element elementor-element-35e3cd9 e-con-full e-flex e-con e-child\" data-id=\"35e3cd9\" data-element_type=\"container\" data-e-type=\"container\">\n\t\t\t\t<div class=\"elementor-element elementor-element-5123458 elementor-widget elementor-widget-text-editor\" data-id=\"5123458\" data-element_type=\"widget\" data-e-type=\"widget\" data-widget_type=\"text-editor.default\">\n\t\t\t\t<div class=\"elementor-widget-container\">\n\t\t\t\t\t\t\t\t\t<ul><li>Proyectos de remediaci\u00f3n in-situ y ex-situ para suelo y agua subterranea.<\/li><li>Dise\u00f1o, construcci\u00f3n y operaci\u00f3n de equipos de remediaci\u00f3n.<\/li><li>Proyectos de remediaci\u00f3n verde.<\/li><li>Manejo de pasivos ambientales.<\/li><\/ul>\t\t\t\t\t\t\t\t<\/div>\n\t\t\t\t<\/div>\n\t\t\t\t<\/div>\n\t\t<div class=\"elementor-element elementor-element-7a6d16c e-con-full e-flex e-con e-child\" data-id=\"7a6d16c\" data-element_type=\"container\" data-e-type=\"container\">\n\t\t\t\t<div class=\"elementor-element elementor-element-59aa11c elementor-widget elementor-widget-image\" data-id=\"59aa11c\" data-element_type=\"widget\" data-e-type=\"widget\" data-widget_type=\"image.default\">\n\t\t\t\t<div class=\"elementor-widget-container\">\n\t\t\t\t\t\t\t\t\t\t\t\t\t\t\t<img fetchpriority=\"high\" decoding=\"async\" width=\"950\" height=\"634\" src=\"https:\/\/eco-terra.mx\/inicio\/wp-content\/uploads\/2024\/03\/Imagen20-1024x683.png\" class=\"attachment-large size-large wp-image-436\" alt=\"\" srcset=\"https:\/\/eco-terra.mx\/inicio\/wp-content\/uploads\/2024\/03\/Imagen20-1024x683.png 1024w, https:\/\/eco-terra.mx\/inicio\/wp-content\/uploads\/2024\/03\/Imagen20-300x200.png 300w, https:\/\/eco-terra.mx\/inicio\/wp-content\/uploads\/2024\/03\/Imagen20-2000x1334.png 2000w, https:\/\/eco-terra.mx\/inicio\/wp-content\/uploads\/2024\/03\/Imagen20-2048x1366.png 2048w, https:\/\/eco-terra.mx\/inicio\/wp-content\/uploads\/2024\/03\/Imagen20-1536x1024.png 1536w\" sizes=\"100vw\" \/>\t\t\t\t\t\t\t\t\t\t\t\t\t\t\t<\/div>\n\t\t\t\t<\/div>\n\t\t\t\t<\/div>\n\t\t\t\t\t<\/div>\n\t\t\t\t<\/div>\n\t\t\t\t<\/div>\n\t\t","protected":false},"excerpt":{"rendered":"<p>Remediaci\u00f3n Ambiental Proyectos de remediaci\u00f3n in-situ y ex-situ para suelo y agua subterranea. Dise\u00f1o, construcci\u00f3n y operaci\u00f3n de equipos de remediaci\u00f3n. Proyectos de remediaci\u00f3n verde. Manejo de pasivos ambientales.<\/p>\n","protected":false},"author":1,"featured_media":0,"parent":0,"menu_order":0,"comment_status":"closed","ping_status":"closed","template":"","meta":{"inspiro_hide_title":false,"footnotes":""},"class_list":["post-434","page","type-page","status-publish","hentry"],"_links":{"self":[{"href":"https:\/\/eco-terra.mx\/inicio\/wp-json\/wp\/v2\/pages\/434","targetHints":{"allow":["GET"]}}],"collection":[{"href":"https:\/\/eco-terra.mx\/inicio\/wp-json\/wp\/v2\/pages"}],"about":[{"href":"https:\/\/eco-terra.mx\/inicio\/wp-json\/wp\/v2\/types\/page"}],"author":[{"embeddable":true,"href":"https:\/\/eco-terra.mx\/inicio\/wp-json\/wp\/v2\/users\/1"}],"replies":[{"embeddable":true,"href":"https:\/\/eco-terra.mx\/inicio\/wp-json\/wp\/v2\/comments?post=434"}],"version-history":[{"count":8,"href":"https:\/\/eco-terra.mx\/inicio\/wp-json\/wp\/v2\/pages\/434\/revisions"}],"predecessor-version":[{"id":666,"href":"https:\/\/eco-terra.mx\/inicio\/wp-json\/wp\/v2\/pages\/434\/revisions\/666"}],"wp:attachment":[{"href":"https:\/\/eco-terra.mx\/inicio\/wp-json\/wp\/v2\/media?parent=434"}],"curies":[{"name":"wp","href":"https:\/\/api.w.org\/{rel}","templated":true}]}}