{"id":410,"date":"2024-03-11T20:46:25","date_gmt":"2024-03-11T20:46:25","guid":{"rendered":"https:\/\/eco-terra.mx\/inicio\/?page_id=410"},"modified":"2024-03-13T22:46:43","modified_gmt":"2024-03-13T22:46:43","slug":"evaluacion-ambiental","status":"publish","type":"page","link":"https:\/\/eco-terra.mx\/inicio\/evaluacion-ambiental\/","title":{"rendered":""},"content":{"rendered":"\t\t<div data-elementor-type=\"wp-page\" data-elementor-id=\"410\" class=\"elementor elementor-410\">\n\t\t\t\t<div class=\"elementor-element elementor-element-c1d79b0 e-flex e-con-boxed e-con e-parent\" data-id=\"c1d79b0\" data-element_type=\"container\" data-e-type=\"container\" data-settings=\"{&quot;background_background&quot;:&quot;classic&quot;}\">\n\t\t\t\t\t<div class=\"e-con-inner\">\n\t\t\t\t<div class=\"elementor-element elementor-element-3629f2e elementor-widget elementor-widget-spacer\" data-id=\"3629f2e\" data-element_type=\"widget\" data-e-type=\"widget\" data-widget_type=\"spacer.default\">\n\t\t\t\t<div class=\"elementor-widget-container\">\n\t\t\t\t\t\t\t<div class=\"elementor-spacer\">\n\t\t\t<div class=\"elementor-spacer-inner\"><\/div>\n\t\t<\/div>\n\t\t\t\t\t\t<\/div>\n\t\t\t\t<\/div>\n\t\t\t\t<div class=\"elementor-element elementor-element-ed7d988 elementor-widget elementor-widget-heading\" data-id=\"ed7d988\" data-element_type=\"widget\" data-e-type=\"widget\" data-widget_type=\"heading.default\">\n\t\t\t\t<div class=\"elementor-widget-container\">\n\t\t\t\t\t<h2 class=\"elementor-heading-title elementor-size-default\">Evaluaci\u00f3n Ambiental<\/h2>\t\t\t\t<\/div>\n\t\t\t\t<\/div>\n\t\t\t\t<div class=\"elementor-element elementor-element-550d1b6 elementor-widget elementor-widget-spacer\" data-id=\"550d1b6\" data-element_type=\"widget\" data-e-type=\"widget\" data-widget_type=\"spacer.default\">\n\t\t\t\t<div class=\"elementor-widget-container\">\n\t\t\t\t\t\t\t<div class=\"elementor-spacer\">\n\t\t\t<div class=\"elementor-spacer-inner\"><\/div>\n\t\t<\/div>\n\t\t\t\t\t\t<\/div>\n\t\t\t\t<\/div>\n\t\t\t\t\t<\/div>\n\t\t\t\t<\/div>\n\t\t<div class=\"elementor-element elementor-element-da32744 e-flex e-con-boxed e-con e-parent\" data-id=\"da32744\" data-element_type=\"container\" data-e-type=\"container\">\n\t\t\t\t\t<div class=\"e-con-inner\">\n\t\t<div class=\"elementor-element elementor-element-8e85b27 e-con-full e-flex e-con e-child\" data-id=\"8e85b27\" data-element_type=\"container\" data-e-type=\"container\">\n\t\t\t\t<div class=\"elementor-element elementor-element-710158b elementor-widget elementor-widget-image\" data-id=\"710158b\" data-element_type=\"widget\" data-e-type=\"widget\" data-widget_type=\"image.default\">\n\t\t\t\t<div class=\"elementor-widget-container\">\n\t\t\t\t\t\t\t\t\t\t\t\t\t\t\t<img fetchpriority=\"high\" decoding=\"async\" width=\"605\" height=\"530\" src=\"https:\/\/eco-terra.mx\/inicio\/wp-content\/uploads\/2024\/03\/Imagen16-3.png\" class=\"attachment-large size-large wp-image-424\" alt=\"\" srcset=\"https:\/\/eco-terra.mx\/inicio\/wp-content\/uploads\/2024\/03\/Imagen16-3.png 605w, https:\/\/eco-terra.mx\/inicio\/wp-content\/uploads\/2024\/03\/Imagen16-3-300x263.png 300w\" sizes=\"100vw\" \/>\t\t\t\t\t\t\t\t\t\t\t\t\t\t\t<\/div>\n\t\t\t\t<\/div>\n\t\t\t\t<\/div>\n\t\t<div class=\"elementor-element elementor-element-867ce3a e-con-full e-flex e-con e-child\" data-id=\"867ce3a\" data-element_type=\"container\" data-e-type=\"container\">\n\t\t\t\t<div class=\"elementor-element elementor-element-4ffa3a4 elementor-widget elementor-widget-image\" data-id=\"4ffa3a4\" data-element_type=\"widget\" data-e-type=\"widget\" data-widget_type=\"image.default\">\n\t\t\t\t<div class=\"elementor-widget-container\">\n\t\t\t\t\t\t\t\t\t\t\t\t\t\t\t<img decoding=\"async\" width=\"605\" height=\"530\" src=\"https:\/\/eco-terra.mx\/inicio\/wp-content\/uploads\/2024\/03\/Imagen18-2.png\" class=\"attachment-large size-large wp-image-423\" alt=\"\" srcset=\"https:\/\/eco-terra.mx\/inicio\/wp-content\/uploads\/2024\/03\/Imagen18-2.png 605w, https:\/\/eco-terra.mx\/inicio\/wp-content\/uploads\/2024\/03\/Imagen18-2-300x263.png 300w\" sizes=\"100vw\" \/>\t\t\t\t\t\t\t\t\t\t\t\t\t\t\t<\/div>\n\t\t\t\t<\/div>\n\t\t\t\t<\/div>\n\t\t<div class=\"elementor-element elementor-element-727fc2c e-con-full e-flex e-con e-child\" data-id=\"727fc2c\" data-element_type=\"container\" data-e-type=\"container\">\n\t\t\t\t<div class=\"elementor-element elementor-element-2cf5ab7 elementor-widget elementor-widget-image\" data-id=\"2cf5ab7\" data-element_type=\"widget\" data-e-type=\"widget\" data-widget_type=\"image.default\">\n\t\t\t\t<div class=\"elementor-widget-container\">\n\t\t\t\t\t\t\t\t\t\t\t\t\t\t\t<img decoding=\"async\" width=\"605\" height=\"530\" src=\"https:\/\/eco-terra.mx\/inicio\/wp-content\/uploads\/2024\/03\/Imagen19-1.png\" class=\"attachment-large size-large wp-image-422\" alt=\"\" srcset=\"https:\/\/eco-terra.mx\/inicio\/wp-content\/uploads\/2024\/03\/Imagen19-1.png 605w, https:\/\/eco-terra.mx\/inicio\/wp-content\/uploads\/2024\/03\/Imagen19-1-300x263.png 300w\" sizes=\"100vw\" \/>\t\t\t\t\t\t\t\t\t\t\t\t\t\t\t<\/div>\n\t\t\t\t<\/div>\n\t\t\t\t<\/div>\n\t\t<div class=\"elementor-element elementor-element-3bea641 e-con-full e-flex e-con e-child\" data-id=\"3bea641\" data-element_type=\"container\" data-e-type=\"container\">\n\t\t\t\t<div class=\"elementor-element elementor-element-0bfd342 elementor-widget elementor-widget-image\" data-id=\"0bfd342\" data-element_type=\"widget\" data-e-type=\"widget\" data-widget_type=\"image.default\">\n\t\t\t\t<div class=\"elementor-widget-container\">\n\t\t\t\t\t\t\t\t\t\t\t\t\t\t\t<img loading=\"lazy\" decoding=\"async\" width=\"950\" height=\"542\" src=\"https:\/\/eco-terra.mx\/inicio\/wp-content\/uploads\/2024\/03\/Imagen17-2-1024x584.png\" class=\"attachment-large size-large wp-image-425\" alt=\"\" srcset=\"https:\/\/eco-terra.mx\/inicio\/wp-content\/uploads\/2024\/03\/Imagen17-2-1024x584.png 1024w, https:\/\/eco-terra.mx\/inicio\/wp-content\/uploads\/2024\/03\/Imagen17-2-300x171.png 300w, https:\/\/eco-terra.mx\/inicio\/wp-content\/uploads\/2024\/03\/Imagen17-2-1536x875.png 1536w, https:\/\/eco-terra.mx\/inicio\/wp-content\/uploads\/2024\/03\/Imagen17-2.png 1818w\" sizes=\"100vw\" \/>\t\t\t\t\t\t\t\t\t\t\t\t\t\t\t<\/div>\n\t\t\t\t<\/div>\n\t\t\t\t<\/div>\n\t\t<div class=\"elementor-element elementor-element-f2ff777 e-con-full e-flex e-con e-child\" data-id=\"f2ff777\" data-element_type=\"container\" data-e-type=\"container\">\n\t\t\t\t<div class=\"elementor-element elementor-element-511be3f elementor-widget elementor-widget-text-editor\" data-id=\"511be3f\" data-element_type=\"widget\" data-e-type=\"widget\" data-widget_type=\"text-editor.default\">\n\t\t\t\t<div class=\"elementor-widget-container\">\n\t\t\t\t\t\t\t\t\t<ul><li>Estudios de caracterizaci\u00f3n de suelos, residuos, sedimentos, agua superficial y agua subterr\u00e1nea de sitios impactados.<\/li><li>Estudios de l\u00edneas base ambientales.<\/li><li>Evaluaciones de riesgo a la salud y al ambiente.<\/li><li>Programas de monitoreo ambiental y de muestreos finales comprobatorios.<\/li><li>Estudios hidr\u00f3logicos e hidrogeol\u00f3gicos.<\/li><li>Estudios ecotoxicol\u00f3gicos.<\/li><li>Sistemas de informaci\u00f3n geogr\u00e1fica.<\/li><\/ul>\t\t\t\t\t\t\t\t<\/div>\n\t\t\t\t<\/div>\n\t\t\t\t<\/div>\n\t\t\t\t\t<\/div>\n\t\t\t\t<\/div>\n\t\t\t\t<\/div>\n\t\t","protected":false},"excerpt":{"rendered":"<p>Evaluaci\u00f3n Ambiental Estudios de caracterizaci\u00f3n de suelos, residuos, sedimentos, agua superficial y agua subterr\u00e1nea de sitios impactados. Estudios de l\u00edneas base ambientales. Evaluaciones de riesgo a la salud y al ambiente. Programas de monitoreo ambiental y de muestreos finales comprobatorios. Estudios hidr\u00f3logicos e hidrogeol\u00f3gicos. Estudios ecotoxicol\u00f3gicos. Sistemas de informaci\u00f3n geogr\u00e1fica.<\/p>\n","protected":false},"author":1,"featured_media":0,"parent":0,"menu_order":0,"comment_status":"closed","ping_status":"closed","template":"","meta":{"inspiro_hide_title":false,"footnotes":""},"class_list":["post-410","page","type-page","status-publish","hentry"],"_links":{"self":[{"href":"https:\/\/eco-terra.mx\/inicio\/wp-json\/wp\/v2\/pages\/410","targetHints":{"allow":["GET"]}}],"collection":[{"href":"https:\/\/eco-terra.mx\/inicio\/wp-json\/wp\/v2\/pages"}],"about":[{"href":"https:\/\/eco-terra.mx\/inicio\/wp-json\/wp\/v2\/types\/page"}],"author":[{"embeddable":true,"href":"https:\/\/eco-terra.mx\/inicio\/wp-json\/wp\/v2\/users\/1"}],"replies":[{"embeddable":true,"href":"https:\/\/eco-terra.mx\/inicio\/wp-json\/wp\/v2\/comments?post=410"}],"version-history":[{"count":14,"href":"https:\/\/eco-terra.mx\/inicio\/wp-json\/wp\/v2\/pages\/410\/revisions"}],"predecessor-version":[{"id":663,"href":"https:\/\/eco-terra.mx\/inicio\/wp-json\/wp\/v2\/pages\/410\/revisions\/663"}],"wp:attachment":[{"href":"https:\/\/eco-terra.mx\/inicio\/wp-json\/wp\/v2\/media?parent=410"}],"curies":[{"name":"wp","href":"https:\/\/api.w.org\/{rel}","templated":true}]}}