{"id":398,"date":"2024-03-11T20:36:11","date_gmt":"2024-03-11T20:36:11","guid":{"rendered":"https:\/\/eco-terra.mx\/inicio\/?page_id=398"},"modified":"2024-03-13T22:32:06","modified_gmt":"2024-03-13T22:32:06","slug":"atencion-a-emergencias","status":"publish","type":"page","link":"https:\/\/eco-terra.mx\/inicio\/atencion-a-emergencias\/","title":{"rendered":""},"content":{"rendered":"\t\t<div data-elementor-type=\"wp-page\" data-elementor-id=\"398\" class=\"elementor elementor-398\">\n\t\t\t\t<div class=\"elementor-element elementor-element-57eef84 e-flex e-con-boxed e-con e-parent\" data-id=\"57eef84\" data-element_type=\"container\" data-e-type=\"container\" data-settings=\"{&quot;background_background&quot;:&quot;classic&quot;}\">\n\t\t\t\t\t<div class=\"e-con-inner\">\n\t\t\t\t<div class=\"elementor-element elementor-element-4586158 elementor-widget elementor-widget-spacer\" data-id=\"4586158\" data-element_type=\"widget\" data-e-type=\"widget\" data-widget_type=\"spacer.default\">\n\t\t\t\t<div class=\"elementor-widget-container\">\n\t\t\t\t\t\t\t<div class=\"elementor-spacer\">\n\t\t\t<div class=\"elementor-spacer-inner\"><\/div>\n\t\t<\/div>\n\t\t\t\t\t\t<\/div>\n\t\t\t\t<\/div>\n\t\t\t\t<div class=\"elementor-element elementor-element-0f9f335 elementor-widget elementor-widget-heading\" data-id=\"0f9f335\" data-element_type=\"widget\" data-e-type=\"widget\" data-widget_type=\"heading.default\">\n\t\t\t\t<div class=\"elementor-widget-container\">\n\t\t\t\t\t<h2 class=\"elementor-heading-title elementor-size-default\">Atenci\u00f3n a Emergencias <\/h2>\t\t\t\t<\/div>\n\t\t\t\t<\/div>\n\t\t\t\t<div class=\"elementor-element elementor-element-d161a8a elementor-widget elementor-widget-spacer\" data-id=\"d161a8a\" data-element_type=\"widget\" data-e-type=\"widget\" data-widget_type=\"spacer.default\">\n\t\t\t\t<div class=\"elementor-widget-container\">\n\t\t\t\t\t\t\t<div class=\"elementor-spacer\">\n\t\t\t<div class=\"elementor-spacer-inner\"><\/div>\n\t\t<\/div>\n\t\t\t\t\t\t<\/div>\n\t\t\t\t<\/div>\n\t\t\t\t\t<\/div>\n\t\t\t\t<\/div>\n\t\t<div class=\"elementor-element elementor-element-b71c769 e-flex e-con-boxed e-con e-parent\" data-id=\"b71c769\" data-element_type=\"container\" data-e-type=\"container\">\n\t\t\t\t\t<div class=\"e-con-inner\">\n\t\t<div class=\"elementor-element elementor-element-526f135 e-con-full e-flex e-con e-child\" data-id=\"526f135\" data-element_type=\"container\" data-e-type=\"container\">\n\t\t\t\t<div class=\"elementor-element elementor-element-67cdecb elementor-widget elementor-widget-text-editor\" data-id=\"67cdecb\" data-element_type=\"widget\" data-e-type=\"widget\" data-widget_type=\"text-editor.default\">\n\t\t\t\t<div class=\"elementor-widget-container\">\n\t\t\t\t\t\t\t\t\t<p>Rescate y rehabilitaci\u00f3n de vida silvestre (flora y fauna) en emergencias ambientales.<\/p><ul><li>Planes de atenci\u00f3n a emergencias ambientales.<\/li><li>Respuesta a emergencias en cuerpos de agua, suelo y zonas costeras.<\/li><\/ul>\t\t\t\t\t\t\t\t<\/div>\n\t\t\t\t<\/div>\n\t\t\t\t<\/div>\n\t\t<div class=\"elementor-element elementor-element-13900fe e-con-full e-flex e-con e-child\" data-id=\"13900fe\" data-element_type=\"container\" data-e-type=\"container\">\n\t\t\t\t<div class=\"elementor-element elementor-element-ccddfb9 elementor-widget elementor-widget-image\" data-id=\"ccddfb9\" data-element_type=\"widget\" data-e-type=\"widget\" data-widget_type=\"image.default\">\n\t\t\t\t<div class=\"elementor-widget-container\">\n\t\t\t\t\t\t\t\t\t\t\t\t\t\t\t<img fetchpriority=\"high\" decoding=\"async\" width=\"672\" height=\"409\" src=\"https:\/\/eco-terra.mx\/inicio\/wp-content\/uploads\/2024\/03\/Imagen15.png\" class=\"attachment-large size-large wp-image-401\" alt=\"\" srcset=\"https:\/\/eco-terra.mx\/inicio\/wp-content\/uploads\/2024\/03\/Imagen15.png 672w, https:\/\/eco-terra.mx\/inicio\/wp-content\/uploads\/2024\/03\/Imagen15-300x183.png 300w\" sizes=\"100vw\" \/>\t\t\t\t\t\t\t\t\t\t\t\t\t\t\t<\/div>\n\t\t\t\t<\/div>\n\t\t\t\t<\/div>\n\t\t<div class=\"elementor-element elementor-element-f8e5fd7 e-con-full e-flex e-con e-child\" data-id=\"f8e5fd7\" data-element_type=\"container\" data-e-type=\"container\">\n\t\t\t\t<div class=\"elementor-element elementor-element-7ecdbea elementor-widget elementor-widget-image\" data-id=\"7ecdbea\" data-element_type=\"widget\" data-e-type=\"widget\" data-widget_type=\"image.default\">\n\t\t\t\t<div class=\"elementor-widget-container\">\n\t\t\t\t\t\t\t\t\t\t\t\t\t\t\t<img decoding=\"async\" width=\"950\" height=\"470\" src=\"https:\/\/eco-terra.mx\/inicio\/wp-content\/uploads\/2024\/03\/Imagen14-1024x507.png\" class=\"attachment-large size-large wp-image-400\" alt=\"\" srcset=\"https:\/\/eco-terra.mx\/inicio\/wp-content\/uploads\/2024\/03\/Imagen14-1024x507.png 1024w, https:\/\/eco-terra.mx\/inicio\/wp-content\/uploads\/2024\/03\/Imagen14-300x149.png 300w, https:\/\/eco-terra.mx\/inicio\/wp-content\/uploads\/2024\/03\/Imagen14-2000x990.png 2000w, https:\/\/eco-terra.mx\/inicio\/wp-content\/uploads\/2024\/03\/Imagen14-1536x760.png 1536w, https:\/\/eco-terra.mx\/inicio\/wp-content\/uploads\/2024\/03\/Imagen14-2048x1014.png 2048w\" sizes=\"100vw\" \/>\t\t\t\t\t\t\t\t\t\t\t\t\t\t\t<\/div>\n\t\t\t\t<\/div>\n\t\t\t\t<\/div>\n\t\t\t\t\t<\/div>\n\t\t\t\t<\/div>\n\t\t\t\t<\/div>\n\t\t","protected":false},"excerpt":{"rendered":"<p>Atenci\u00f3n a Emergencias Rescate y rehabilitaci\u00f3n de vida silvestre (flora y fauna) en emergencias ambientales. Planes de atenci\u00f3n a emergencias ambientales. Respuesta a emergencias en cuerpos de agua, suelo y zonas costeras.<\/p>\n","protected":false},"author":1,"featured_media":0,"parent":0,"menu_order":0,"comment_status":"closed","ping_status":"closed","template":"","meta":{"inspiro_hide_title":false,"footnotes":""},"class_list":["post-398","page","type-page","status-publish","hentry"],"_links":{"self":[{"href":"https:\/\/eco-terra.mx\/inicio\/wp-json\/wp\/v2\/pages\/398","targetHints":{"allow":["GET"]}}],"collection":[{"href":"https:\/\/eco-terra.mx\/inicio\/wp-json\/wp\/v2\/pages"}],"about":[{"href":"https:\/\/eco-terra.mx\/inicio\/wp-json\/wp\/v2\/types\/page"}],"author":[{"embeddable":true,"href":"https:\/\/eco-terra.mx\/inicio\/wp-json\/wp\/v2\/users\/1"}],"replies":[{"embeddable":true,"href":"https:\/\/eco-terra.mx\/inicio\/wp-json\/wp\/v2\/comments?post=398"}],"version-history":[{"count":11,"href":"https:\/\/eco-terra.mx\/inicio\/wp-json\/wp\/v2\/pages\/398\/revisions"}],"predecessor-version":[{"id":656,"href":"https:\/\/eco-terra.mx\/inicio\/wp-json\/wp\/v2\/pages\/398\/revisions\/656"}],"wp:attachment":[{"href":"https:\/\/eco-terra.mx\/inicio\/wp-json\/wp\/v2\/media?parent=398"}],"curies":[{"name":"wp","href":"https:\/\/api.w.org\/{rel}","templated":true}]}}