{"id":375,"date":"2024-03-11T20:07:15","date_gmt":"2024-03-11T20:07:15","guid":{"rendered":"https:\/\/eco-terra.mx\/inicio\/?page_id=375"},"modified":"2024-03-13T22:36:52","modified_gmt":"2024-03-13T22:36:52","slug":"certificaciones","status":"publish","type":"page","link":"https:\/\/eco-terra.mx\/inicio\/certificaciones\/","title":{"rendered":""},"content":{"rendered":"\t\t<div data-elementor-type=\"wp-page\" data-elementor-id=\"375\" class=\"elementor elementor-375\">\n\t\t\t\t<div class=\"elementor-element elementor-element-2974bf3 e-flex e-con-boxed e-con e-parent\" data-id=\"2974bf3\" data-element_type=\"container\" data-e-type=\"container\" data-settings=\"{&quot;background_background&quot;:&quot;classic&quot;}\">\n\t\t\t\t\t<div class=\"e-con-inner\">\n\t\t\t\t<div class=\"elementor-element elementor-element-58c6b1c elementor-widget elementor-widget-spacer\" data-id=\"58c6b1c\" data-element_type=\"widget\" data-e-type=\"widget\" data-widget_type=\"spacer.default\">\n\t\t\t\t<div class=\"elementor-widget-container\">\n\t\t\t\t\t\t\t<div class=\"elementor-spacer\">\n\t\t\t<div class=\"elementor-spacer-inner\"><\/div>\n\t\t<\/div>\n\t\t\t\t\t\t<\/div>\n\t\t\t\t<\/div>\n\t\t\t\t<div class=\"elementor-element elementor-element-9384858 elementor-widget elementor-widget-heading\" data-id=\"9384858\" data-element_type=\"widget\" data-e-type=\"widget\" data-widget_type=\"heading.default\">\n\t\t\t\t<div class=\"elementor-widget-container\">\n\t\t\t\t\t<h2 class=\"elementor-heading-title elementor-size-default\">Certificaciones <\/h2>\t\t\t\t<\/div>\n\t\t\t\t<\/div>\n\t\t\t\t<div class=\"elementor-element elementor-element-4900fdb elementor-widget elementor-widget-spacer\" data-id=\"4900fdb\" data-element_type=\"widget\" data-e-type=\"widget\" data-widget_type=\"spacer.default\">\n\t\t\t\t<div class=\"elementor-widget-container\">\n\t\t\t\t\t\t\t<div class=\"elementor-spacer\">\n\t\t\t<div class=\"elementor-spacer-inner\"><\/div>\n\t\t<\/div>\n\t\t\t\t\t\t<\/div>\n\t\t\t\t<\/div>\n\t\t\t\t\t<\/div>\n\t\t\t\t<\/div>\n\t\t<div class=\"elementor-element elementor-element-919f74f e-flex e-con-boxed e-con e-parent\" data-id=\"919f74f\" data-element_type=\"container\" data-e-type=\"container\">\n\t\t\t\t\t<div class=\"e-con-inner\">\n\t\t\t\t<div class=\"elementor-element elementor-element-7e3077f elementor-widget elementor-widget-text-editor\" data-id=\"7e3077f\" data-element_type=\"widget\" data-e-type=\"widget\" data-widget_type=\"text-editor.default\">\n\t\t\t\t<div class=\"elementor-widget-container\">\n\t\t\t\t\t\t\t\t\t<p class=\"MsoNormal\"><b><span style=\"font-family: Roboto; background-image: initial; background-position: initial; background-size: initial; background-repeat: initial; background-attachment: initial; background-origin: initial; background-clip: initial;\">Autorizaci\u00f3n de Ecoterra para Remediaci\u00f3n de Suelo Contaminado con Hidrocarburo<\/span><\/b><\/p>\t\t\t\t\t\t\t\t<\/div>\n\t\t\t\t<\/div>\n\t\t\t\t<div class=\"elementor-element elementor-element-e19231e elementor-widget elementor-widget-text-editor\" data-id=\"e19231e\" data-element_type=\"widget\" data-e-type=\"widget\" data-widget_type=\"text-editor.default\">\n\t\t\t\t<div class=\"elementor-widget-container\">\n\t\t\t\t\t\t\t\t\t<p class=\"MsoNormal\"><span style=\"font-family: Roboto; background-image: initial; background-position: initial; background-size: initial; background-repeat: initial; background-attachment: initial; background-origin: initial; background-clip: initial;\">Ecoterra tiene autorizadas 3 tecnolog\u00edas que le permiten remediar fracci\u00f3n ligera, media y pesada conforme a la:<\/span><\/p>\t\t\t\t\t\t\t\t<\/div>\n\t\t\t\t<\/div>\n\t\t\t\t\t<\/div>\n\t\t\t\t<\/div>\n\t\t<div class=\"elementor-element elementor-element-eb9bab4 e-flex e-con-boxed e-con e-parent\" data-id=\"eb9bab4\" data-element_type=\"container\" data-e-type=\"container\">\n\t\t\t\t\t<div class=\"e-con-inner\">\n\t\t\t\t<div class=\"elementor-element elementor-element-cd78dcc elementor-widget elementor-widget-text-editor\" data-id=\"cd78dcc\" data-element_type=\"widget\" data-e-type=\"widget\" data-widget_type=\"text-editor.default\">\n\t\t\t\t<div class=\"elementor-widget-container\">\n\t\t\t\t\t\t\t\t\t<p class=\"MsoNormal\"><b><span style=\"font-family: Roboto; background-image: initial; background-position: initial; background-size: initial; background-repeat: initial; background-attachment: initial; background-origin: initial; background-clip: initial;\">NOM-138 SEMARNAT\/SSA1-2012<\/span><\/b><\/p><ul><li class=\"MsoNormal\"><!-- [if !supportLists]--><span style=\"font-family: Roboto; background-image: initial; background-position: initial; background-size: initial; background-repeat: initial; background-attachment: initial; background-origin: initial; background-clip: initial;\">Oxidaci\u00f3n quimica (para fracciones pesadas).<\/span><\/li><li class=\"MsoNormal\">Biopilas a un lado del sitio (para fracciones ligera y media).<\/li><li class=\"MsoNormal\">Extracci\u00f3n de vapores en el sitio (para fracciones ligera).<\/li><\/ul>\t\t\t\t\t\t\t\t<\/div>\n\t\t\t\t<\/div>\n\t\t\t\t\t<\/div>\n\t\t\t\t<\/div>\n\t\t<div class=\"elementor-element elementor-element-dca47f8 e-flex e-con-boxed e-con e-parent\" data-id=\"dca47f8\" data-element_type=\"container\" data-e-type=\"container\">\n\t\t\t\t\t<div class=\"e-con-inner\">\n\t\t\t\t<div class=\"elementor-element elementor-element-729fa11 elementor-widget elementor-widget-text-editor\" data-id=\"729fa11\" data-element_type=\"widget\" data-e-type=\"widget\" data-widget_type=\"text-editor.default\">\n\t\t\t\t<div class=\"elementor-widget-container\">\n\t\t\t\t\t\t\t\t\t<p>Autorizaci\u00f3n<strong> Vigente hasta abril 2025<\/strong><\/p>\n<p>La autorizaci\u00f3n de <strong>ECOTERRA<\/strong> puede ser utilizada para brindar servicio a PEMEX, dado que fue emitida antes de que entrar\u00e1 en&nbsp; funciones la ASEA.<\/p>\t\t\t\t\t\t\t\t<\/div>\n\t\t\t\t<\/div>\n\t\t\t\t\t<\/div>\n\t\t\t\t<\/div>\n\t\t<div class=\"elementor-element elementor-element-b765ff8 e-flex e-con-boxed e-con e-parent\" data-id=\"b765ff8\" data-element_type=\"container\" data-e-type=\"container\">\n\t\t\t\t\t<div class=\"e-con-inner\">\n\t\t\t\t<div class=\"elementor-element elementor-element-c03ff2b elementor-widget elementor-widget-image\" data-id=\"c03ff2b\" data-element_type=\"widget\" data-e-type=\"widget\" data-widget_type=\"image.default\">\n\t\t\t\t<div class=\"elementor-widget-container\">\n\t\t\t\t\t\t\t\t\t\t\t\t\t\t\t<img fetchpriority=\"high\" decoding=\"async\" width=\"950\" height=\"320\" src=\"https:\/\/eco-terra.mx\/inicio\/wp-content\/uploads\/2024\/03\/Imagen13-950x320.png\" class=\"attachment-inspiro-loop size-inspiro-loop wp-image-386\" alt=\"\" sizes=\"100vw\" \/>\t\t\t\t\t\t\t\t\t\t\t\t\t\t\t<\/div>\n\t\t\t\t<\/div>\n\t\t\t\t\t<\/div>\n\t\t\t\t<\/div>\n\t\t\t\t<\/div>\n\t\t","protected":false},"excerpt":{"rendered":"<p>Certificaciones Autorizaci\u00f3n de Ecoterra para Remediaci\u00f3n de Suelo Contaminado con Hidrocarburo Ecoterra tiene autorizadas 3 tecnolog\u00edas que le permiten remediar fracci\u00f3n ligera, media y pesada conforme a la: NOM-138 SEMARNAT\/SSA1-2012 Oxidaci\u00f3n quimica (para fracciones pesadas). Biopilas a un lado del sitio (para fracciones ligera y media). Extracci\u00f3n de vapores en el sitio (para fracciones ligera). &hellip; <\/p>\n<p class=\"link-more\"><a href=\"https:\/\/eco-terra.mx\/inicio\/certificaciones\/\" class=\"more-link\">Leer m\u00e1s<span class=\"screen-reader-text\"> \u00ab\u00bb<\/span><\/a><\/p>\n","protected":false},"author":1,"featured_media":0,"parent":0,"menu_order":0,"comment_status":"closed","ping_status":"closed","template":"","meta":{"inspiro_hide_title":false,"footnotes":""},"class_list":["post-375","page","type-page","status-publish","hentry"],"_links":{"self":[{"href":"https:\/\/eco-terra.mx\/inicio\/wp-json\/wp\/v2\/pages\/375","targetHints":{"allow":["GET"]}}],"collection":[{"href":"https:\/\/eco-terra.mx\/inicio\/wp-json\/wp\/v2\/pages"}],"about":[{"href":"https:\/\/eco-terra.mx\/inicio\/wp-json\/wp\/v2\/types\/page"}],"author":[{"embeddable":true,"href":"https:\/\/eco-terra.mx\/inicio\/wp-json\/wp\/v2\/users\/1"}],"replies":[{"embeddable":true,"href":"https:\/\/eco-terra.mx\/inicio\/wp-json\/wp\/v2\/comments?post=375"}],"version-history":[{"count":21,"href":"https:\/\/eco-terra.mx\/inicio\/wp-json\/wp\/v2\/pages\/375\/revisions"}],"predecessor-version":[{"id":658,"href":"https:\/\/eco-terra.mx\/inicio\/wp-json\/wp\/v2\/pages\/375\/revisions\/658"}],"wp:attachment":[{"href":"https:\/\/eco-terra.mx\/inicio\/wp-json\/wp\/v2\/media?parent=375"}],"curies":[{"name":"wp","href":"https:\/\/api.w.org\/{rel}","templated":true}]}}