{"id":321,"date":"2024-03-12T19:52:01","date_gmt":"2024-03-12T19:52:01","guid":{"rendered":"https:\/\/eco-terra.mx\/inicio\/?page_id=321"},"modified":"2024-03-13T22:43:48","modified_gmt":"2024-03-13T22:43:48","slug":"estudios-de-subsuelo","status":"publish","type":"page","link":"https:\/\/eco-terra.mx\/inicio\/estudios-de-subsuelo\/","title":{"rendered":""},"content":{"rendered":"\t\t<div data-elementor-type=\"wp-page\" data-elementor-id=\"321\" class=\"elementor elementor-321\">\n\t\t\t\t<div class=\"elementor-element elementor-element-efbd259 e-flex e-con-boxed e-con e-parent\" data-id=\"efbd259\" data-element_type=\"container\" data-e-type=\"container\" data-settings=\"{&quot;background_background&quot;:&quot;classic&quot;}\">\n\t\t\t\t\t<div class=\"e-con-inner\">\n\t\t\t\t<div class=\"elementor-element elementor-element-36c3a09 elementor-widget elementor-widget-spacer\" data-id=\"36c3a09\" data-element_type=\"widget\" data-e-type=\"widget\" data-widget_type=\"spacer.default\">\n\t\t\t\t<div class=\"elementor-widget-container\">\n\t\t\t\t\t\t\t<div class=\"elementor-spacer\">\n\t\t\t<div class=\"elementor-spacer-inner\"><\/div>\n\t\t<\/div>\n\t\t\t\t\t\t<\/div>\n\t\t\t\t<\/div>\n\t\t\t\t<div class=\"elementor-element elementor-element-9bd2ef9 elementor-widget elementor-widget-heading\" data-id=\"9bd2ef9\" data-element_type=\"widget\" data-e-type=\"widget\" data-widget_type=\"heading.default\">\n\t\t\t\t<div class=\"elementor-widget-container\">\n\t\t\t\t\t<h2 class=\"elementor-heading-title elementor-size-default\">Estudios de Subsuelo<\/h2>\t\t\t\t<\/div>\n\t\t\t\t<\/div>\n\t\t\t\t<div class=\"elementor-element elementor-element-c8bb3e2 elementor-widget elementor-widget-spacer\" data-id=\"c8bb3e2\" data-element_type=\"widget\" data-e-type=\"widget\" data-widget_type=\"spacer.default\">\n\t\t\t\t<div class=\"elementor-widget-container\">\n\t\t\t\t\t\t\t<div class=\"elementor-spacer\">\n\t\t\t<div class=\"elementor-spacer-inner\"><\/div>\n\t\t<\/div>\n\t\t\t\t\t\t<\/div>\n\t\t\t\t<\/div>\n\t\t\t\t\t<\/div>\n\t\t\t\t<\/div>\n\t\t<div class=\"elementor-element elementor-element-75bef23 e-flex e-con-boxed e-con e-parent\" data-id=\"75bef23\" data-element_type=\"container\" data-e-type=\"container\">\n\t\t\t\t\t<div class=\"e-con-inner\">\n\t\t\t\t<div class=\"elementor-element elementor-element-b73f907 elementor-widget__width-initial elementor-widget elementor-widget-text-editor\" data-id=\"b73f907\" data-element_type=\"widget\" data-e-type=\"widget\" data-widget_type=\"text-editor.default\">\n\t\t\t\t<div class=\"elementor-widget-container\">\n\t\t\t\t\t\t\t\t\t<p>En <strong>ECOTERRA<\/strong>, nos dedicamos a proporcionar soluciones integrales para mejorar mejor el terreno en el que se construir\u00e1n sus proyectos. Nuestros servicios des estudios de subsuelo incluyen una variedad de m\u00e9todos avanzados, dise\u00f1ados para ofrecer una comprensi\u00f3n completa de las caracter\u00edsticas del suelo y el subsuelo.<\/p>\t\t\t\t\t\t\t\t<\/div>\n\t\t\t\t<\/div>\n\t\t\t\t\t<\/div>\n\t\t\t\t<\/div>\n\t\t<div class=\"elementor-element elementor-element-5ba0801 e-flex e-con-boxed e-con e-parent\" data-id=\"5ba0801\" data-element_type=\"container\" data-e-type=\"container\">\n\t\t\t\t\t<div class=\"e-con-inner\">\n\t\t<div class=\"elementor-element elementor-element-81201b8 e-con-full e-flex e-con e-child\" data-id=\"81201b8\" data-element_type=\"container\" data-e-type=\"container\">\n\t\t\t\t<div class=\"elementor-element elementor-element-8af3b46 elementor-widget elementor-widget-image\" data-id=\"8af3b46\" data-element_type=\"widget\" data-e-type=\"widget\" data-widget_type=\"image.default\">\n\t\t\t\t<div class=\"elementor-widget-container\">\n\t\t\t\t\t\t\t\t\t\t\t\t\t\t\t<img fetchpriority=\"high\" decoding=\"async\" width=\"410\" height=\"142\" src=\"https:\/\/eco-terra.mx\/inicio\/wp-content\/uploads\/2024\/03\/magnetometria.jpg\" class=\"attachment-large size-large wp-image-513\" alt=\"\" srcset=\"https:\/\/eco-terra.mx\/inicio\/wp-content\/uploads\/2024\/03\/magnetometria.jpg 410w, https:\/\/eco-terra.mx\/inicio\/wp-content\/uploads\/2024\/03\/magnetometria-300x104.jpg 300w\" sizes=\"100vw\" \/>\t\t\t\t\t\t\t\t\t\t\t\t\t\t\t<\/div>\n\t\t\t\t<\/div>\n\t\t\t\t<\/div>\n\t\t<div class=\"elementor-element elementor-element-bf64bcc e-con-full e-flex e-con e-child\" data-id=\"bf64bcc\" data-element_type=\"container\" data-e-type=\"container\">\n\t\t\t\t<div class=\"elementor-element elementor-element-5b3678e elementor-widget elementor-widget-text-editor\" data-id=\"5b3678e\" data-element_type=\"widget\" data-e-type=\"widget\" data-widget_type=\"text-editor.default\">\n\t\t\t\t<div class=\"elementor-widget-container\">\n\t\t\t\t\t\t\t\t\t<p><strong>M\u00e9todo de Estudio de Magnetometr\u00eda:<\/strong><\/p><p>A trav\u00e9s del m\u00e9todo de estudio de magnetometr\u00eda, podemos obtener mediciones detalladas del campo magn\u00e9tico terrestre para identificar variaciones en la composici\u00f3n del subsuelo. Esta t\u00e9cnica es especialmente \u00fatil para la detecci\u00f3n de minerales magn\u00e9ticos y la caracterizaci\u00f3n de formaciones geol\u00f3gicas.<\/p>\t\t\t\t\t\t\t\t<\/div>\n\t\t\t\t<\/div>\n\t\t\t\t<\/div>\n\t\t\t\t\t<\/div>\n\t\t\t\t<\/div>\n\t\t<div class=\"elementor-element elementor-element-6551860 e-flex e-con-boxed e-con e-parent\" data-id=\"6551860\" data-element_type=\"container\" data-e-type=\"container\">\n\t\t\t\t\t<div class=\"e-con-inner\">\n\t\t<div class=\"elementor-element elementor-element-401ca8f e-con-full e-flex e-con e-child\" data-id=\"401ca8f\" data-element_type=\"container\" data-e-type=\"container\">\n\t\t\t\t<div class=\"elementor-element elementor-element-2aebdc2 elementor-widget elementor-widget-text-editor\" data-id=\"2aebdc2\" data-element_type=\"widget\" data-e-type=\"widget\" data-widget_type=\"text-editor.default\">\n\t\t\t\t<div class=\"elementor-widget-container\">\n\t\t\t\t\t\t\t\t\t<p><strong>M\u00e9todo Gravimetr\u00edco: Geotecnia y M\u00e9canica de Suelos:<\/strong><\/p><p>Con el m\u00e9todo gravim\u00e9trico, podemos evaluar las variaciones en la densidad del suelo y la distribuci\u00f3n de las masas subterr\u00e1neas. Esto es crucial para comprender la estabilidad del suelo y prevenir riesgos potenciales durante la construcci\u00f3n.<\/p>\t\t\t\t\t\t\t\t<\/div>\n\t\t\t\t<\/div>\n\t\t\t\t<\/div>\n\t\t<div class=\"elementor-element elementor-element-097b485 e-con-full e-flex e-con e-child\" data-id=\"097b485\" data-element_type=\"container\" data-e-type=\"container\">\n\t\t\t\t<div class=\"elementor-element elementor-element-7e134fa elementor-widget elementor-widget-image\" data-id=\"7e134fa\" data-element_type=\"widget\" data-e-type=\"widget\" data-widget_type=\"image.default\">\n\t\t\t\t<div class=\"elementor-widget-container\">\n\t\t\t\t\t\t\t\t\t\t\t\t\t\t\t<img decoding=\"async\" width=\"300\" height=\"255\" src=\"https:\/\/eco-terra.mx\/inicio\/wp-content\/uploads\/2024\/03\/Gravitico.png\" class=\"attachment-large size-large wp-image-509\" alt=\"\" sizes=\"100vw\" \/>\t\t\t\t\t\t\t\t\t\t\t\t\t\t\t<\/div>\n\t\t\t\t<\/div>\n\t\t\t\t<\/div>\n\t\t\t\t\t<\/div>\n\t\t\t\t<\/div>\n\t\t<div class=\"elementor-element elementor-element-18383aa e-flex e-con-boxed e-con e-parent\" data-id=\"18383aa\" data-element_type=\"container\" data-e-type=\"container\">\n\t\t\t\t\t<div class=\"e-con-inner\">\n\t\t<div class=\"elementor-element elementor-element-5468f8c e-con-full e-flex e-con e-child\" data-id=\"5468f8c\" data-element_type=\"container\" data-e-type=\"container\">\n\t\t\t\t<div class=\"elementor-element elementor-element-b601a46 elementor-widget elementor-widget-image\" data-id=\"b601a46\" data-element_type=\"widget\" data-e-type=\"widget\" data-widget_type=\"image.default\">\n\t\t\t\t<div class=\"elementor-widget-container\">\n\t\t\t\t\t\t\t\t\t\t\t\t\t\t\t<img decoding=\"async\" width=\"375\" height=\"204\" src=\"https:\/\/eco-terra.mx\/inicio\/wp-content\/uploads\/2024\/03\/Sismica-de-Reflexion.png\" class=\"attachment-large size-large wp-image-510\" alt=\"\" srcset=\"https:\/\/eco-terra.mx\/inicio\/wp-content\/uploads\/2024\/03\/Sismica-de-Reflexion.png 375w, https:\/\/eco-terra.mx\/inicio\/wp-content\/uploads\/2024\/03\/Sismica-de-Reflexion-300x163.png 300w\" sizes=\"100vw\" \/>\t\t\t\t\t\t\t\t\t\t\t\t\t\t\t<\/div>\n\t\t\t\t<\/div>\n\t\t\t\t<\/div>\n\t\t<div class=\"elementor-element elementor-element-689be2b e-con-full e-flex e-con e-child\" data-id=\"689be2b\" data-element_type=\"container\" data-e-type=\"container\">\n\t\t\t\t<div class=\"elementor-element elementor-element-e585366 elementor-widget elementor-widget-text-editor\" data-id=\"e585366\" data-element_type=\"widget\" data-e-type=\"widget\" data-widget_type=\"text-editor.default\">\n\t\t\t\t<div class=\"elementor-widget-container\">\n\t\t\t\t\t\t\t\t\t<p><strong>M\u00e9todo S\u00edsmico de Reflexi\u00f3n:<\/strong><br \/>Utilizando el m\u00e9todo s\u00edsmico de reflexi\u00f3n, podemos generar im\u00e1genes detalladas de las capas subsuperficiales y estructuras geol\u00f3gicas. Esta t\u00e9cnica nos permite identificar estratos de roca, fallas geol\u00f3gicas y otras caracter\u00edsticas cruciales para la planificaci\u00f3n de proyectos.<\/p>\t\t\t\t\t\t\t\t<\/div>\n\t\t\t\t<\/div>\n\t\t\t\t<\/div>\n\t\t\t\t\t<\/div>\n\t\t\t\t<\/div>\n\t\t<div class=\"elementor-element elementor-element-87bbd36 e-flex e-con-boxed e-con e-parent\" data-id=\"87bbd36\" data-element_type=\"container\" data-e-type=\"container\">\n\t\t\t\t\t<div class=\"e-con-inner\">\n\t\t<div class=\"elementor-element elementor-element-d1adf95 e-con-full e-flex e-con e-child\" data-id=\"d1adf95\" data-element_type=\"container\" data-e-type=\"container\">\n\t\t\t\t<div class=\"elementor-element elementor-element-93e3153 elementor-widget elementor-widget-text-editor\" data-id=\"93e3153\" data-element_type=\"widget\" data-e-type=\"widget\" data-widget_type=\"text-editor.default\">\n\t\t\t\t<div class=\"elementor-widget-container\">\n\t\t\t\t\t\t\t\t\t<p><strong> M\u00e9todo de Refracci\u00f3n S\u00edsmica:<\/strong><br \/>La refracci\u00f3n s\u00edsmica es una herramienta poderosa para determinar la velocidad de propagaci\u00f3n de las ondas s\u00edsmicas a trav\u00e9s del suelo. Esto nos ayuda a mapear la profundidad y la naturaleza de las capas subsuperficiales, as\u00ed como a identificar posibles \u00e1reas de riesgo geot\u00e9cnico.<\/p>\t\t\t\t\t\t\t\t<\/div>\n\t\t\t\t<\/div>\n\t\t\t\t<\/div>\n\t\t<div class=\"elementor-element elementor-element-bdaf27d e-con-full e-flex e-con e-child\" data-id=\"bdaf27d\" data-element_type=\"container\" data-e-type=\"container\">\n\t\t\t\t<div class=\"elementor-element elementor-element-75a9bf8 elementor-widget elementor-widget-image\" data-id=\"75a9bf8\" data-element_type=\"widget\" data-e-type=\"widget\" data-widget_type=\"image.default\">\n\t\t\t\t<div class=\"elementor-widget-container\">\n\t\t\t\t\t\t\t\t\t\t\t\t\t\t\t<img loading=\"lazy\" decoding=\"async\" width=\"333\" height=\"163\" src=\"https:\/\/eco-terra.mx\/inicio\/wp-content\/uploads\/2024\/03\/sismica.png\" class=\"attachment-large size-large wp-image-511\" alt=\"\" srcset=\"https:\/\/eco-terra.mx\/inicio\/wp-content\/uploads\/2024\/03\/sismica.png 333w, https:\/\/eco-terra.mx\/inicio\/wp-content\/uploads\/2024\/03\/sismica-300x147.png 300w\" sizes=\"100vw\" \/>\t\t\t\t\t\t\t\t\t\t\t\t\t\t\t<\/div>\n\t\t\t\t<\/div>\n\t\t\t\t<\/div>\n\t\t\t\t\t<\/div>\n\t\t\t\t<\/div>\n\t\t<div class=\"elementor-element elementor-element-aa4119f e-flex e-con-boxed e-con e-parent\" data-id=\"aa4119f\" data-element_type=\"container\" data-e-type=\"container\">\n\t\t\t\t\t<div class=\"e-con-inner\">\n\t\t<div class=\"elementor-element elementor-element-196a5ac e-con-full e-flex e-con e-child\" data-id=\"196a5ac\" data-element_type=\"container\" data-e-type=\"container\">\n\t\t\t\t<div class=\"elementor-element elementor-element-4dc4899 elementor-widget elementor-widget-image\" data-id=\"4dc4899\" data-element_type=\"widget\" data-e-type=\"widget\" data-widget_type=\"image.default\">\n\t\t\t\t<div class=\"elementor-widget-container\">\n\t\t\t\t\t\t\t\t\t\t\t\t\t\t\t<img loading=\"lazy\" decoding=\"async\" width=\"473\" height=\"156\" src=\"https:\/\/eco-terra.mx\/inicio\/wp-content\/uploads\/2024\/03\/termografia-electrica-2.jpg\" class=\"attachment-large size-large wp-image-512\" alt=\"\" srcset=\"https:\/\/eco-terra.mx\/inicio\/wp-content\/uploads\/2024\/03\/termografia-electrica-2.jpg 473w, https:\/\/eco-terra.mx\/inicio\/wp-content\/uploads\/2024\/03\/termografia-electrica-2-300x99.jpg 300w\" sizes=\"100vw\" \/>\t\t\t\t\t\t\t\t\t\t\t\t\t\t\t<\/div>\n\t\t\t\t<\/div>\n\t\t\t\t<\/div>\n\t\t<div class=\"elementor-element elementor-element-c58c8ce e-con-full e-flex e-con e-child\" data-id=\"c58c8ce\" data-element_type=\"container\" data-e-type=\"container\">\n\t\t\t\t<div class=\"elementor-element elementor-element-ec6229f elementor-widget elementor-widget-text-editor\" data-id=\"ec6229f\" data-element_type=\"widget\" data-e-type=\"widget\" data-widget_type=\"text-editor.default\">\n\t\t\t\t<div class=\"elementor-widget-container\">\n\t\t\t\t\t\t\t\t\t<p><strong>Perfiles de Tomograf\u00eda El\u00e9ctrica:<\/strong><\/p><p>La tomograf\u00eda el\u00e9ctrica es una t\u00e9cnica no invasiva que nos permiteobtener im\u00e1genes detalladas de la resistivilidad el\u00e9ctrica de subsuelo. Esto nos ayuda a identificar variaciones en la composici\u00f3n del suelo y a delinear estructuras subterr\u00e1neas importantes para su proyecto.<span style=\"text-align: var(--text-align);\">En EcoTerra, nuestro equipo de expertos est\u00e1 comprometido con la excelencia en la prestaci\u00f3n de servicios de estudios de subsuelo. Nos enorgullece ofrecer soluciones precisas y personalizadas que satisfagan las necesidades \u00fanicas de cada proyecto. Conf\u00ede en EcoTerra para obtener informaci\u00f3n confiable y detallada sobre el terreno que lo ayudar\u00e1 a tomar decisiones informadas y a alcanzar el \u00e9xito en sus proyectos de construcci\u00f3n y desarrollo.<\/span><\/p>\t\t\t\t\t\t\t\t<\/div>\n\t\t\t\t<\/div>\n\t\t\t\t<\/div>\n\t\t\t\t\t<\/div>\n\t\t\t\t<\/div>\n\t\t<div class=\"elementor-element elementor-element-051ffdc e-flex e-con-boxed e-con e-parent\" data-id=\"051ffdc\" data-element_type=\"container\" data-e-type=\"container\">\n\t\t\t\t\t<div class=\"e-con-inner\">\n\t\t\t\t<div class=\"elementor-element elementor-element-643f4d0 elementor-widget elementor-widget-text-editor\" data-id=\"643f4d0\" data-element_type=\"widget\" data-e-type=\"widget\" data-widget_type=\"text-editor.default\">\n\t\t\t\t<div class=\"elementor-widget-container\">\n\t\t\t\t\t\t\t\t\t<p>En <strong>ECOTERRA<\/strong>, nuestro equipo de expertos est\u00e1 comprometido con la excelencia en la prestaci\u00f3n de servicios de estudios de subsuelo. Nos enorgullece ofrecer soluciones precisas y personalizadas que satisfagan las necesidades \u00fanicas de cada proyecto. Conf\u00ede en <strong>ECOTERRA<\/strong> para obtener informaci\u00f3n confiable y detallada sobre el terreno que lo ayudar\u00e1 a tomar decisiones informadas y a alcanzar el \u00e9xito en sus proyectos de construcci\u00f3n y desarrollo.<\/p>\t\t\t\t\t\t\t\t<\/div>\n\t\t\t\t<\/div>\n\t\t\t\t\t<\/div>\n\t\t\t\t<\/div>\n\t\t\t\t<\/div>\n\t\t","protected":false},"excerpt":{"rendered":"<p>Estudios de Subsuelo En ECOTERRA, nos dedicamos a proporcionar soluciones integrales para mejorar mejor el terreno en el que se construir\u00e1n sus proyectos. Nuestros servicios des estudios de subsuelo incluyen una variedad de m\u00e9todos avanzados, dise\u00f1ados para ofrecer una comprensi\u00f3n completa de las caracter\u00edsticas del suelo y el subsuelo. M\u00e9todo de Estudio de Magnetometr\u00eda: A &hellip; <\/p>\n<p class=\"link-more\"><a href=\"https:\/\/eco-terra.mx\/inicio\/estudios-de-subsuelo\/\" class=\"more-link\">Leer m\u00e1s<span class=\"screen-reader-text\"> \u00ab\u00bb<\/span><\/a><\/p>\n","protected":false},"author":1,"featured_media":0,"parent":0,"menu_order":0,"comment_status":"closed","ping_status":"closed","template":"","meta":{"inspiro_hide_title":false,"footnotes":""},"class_list":["post-321","page","type-page","status-publish","hentry"],"_links":{"self":[{"href":"https:\/\/eco-terra.mx\/inicio\/wp-json\/wp\/v2\/pages\/321","targetHints":{"allow":["GET"]}}],"collection":[{"href":"https:\/\/eco-terra.mx\/inicio\/wp-json\/wp\/v2\/pages"}],"about":[{"href":"https:\/\/eco-terra.mx\/inicio\/wp-json\/wp\/v2\/types\/page"}],"author":[{"embeddable":true,"href":"https:\/\/eco-terra.mx\/inicio\/wp-json\/wp\/v2\/users\/1"}],"replies":[{"embeddable":true,"href":"https:\/\/eco-terra.mx\/inicio\/wp-json\/wp\/v2\/comments?post=321"}],"version-history":[{"count":11,"href":"https:\/\/eco-terra.mx\/inicio\/wp-json\/wp\/v2\/pages\/321\/revisions"}],"predecessor-version":[{"id":662,"href":"https:\/\/eco-terra.mx\/inicio\/wp-json\/wp\/v2\/pages\/321\/revisions\/662"}],"wp:attachment":[{"href":"https:\/\/eco-terra.mx\/inicio\/wp-json\/wp\/v2\/media?parent=321"}],"curies":[{"name":"wp","href":"https:\/\/api.w.org\/{rel}","templated":true}]}}