{"id":272,"date":"2024-03-07T00:05:40","date_gmt":"2024-03-07T00:05:40","guid":{"rendered":"https:\/\/eco-terra.mx\/inicio\/?page_id=272"},"modified":"2024-03-13T17:37:01","modified_gmt":"2024-03-13T17:37:01","slug":"otros-proyectos-4","status":"publish","type":"page","link":"https:\/\/eco-terra.mx\/inicio\/otros-proyectos-4\/","title":{"rendered":""},"content":{"rendered":"\t\t<div data-elementor-type=\"wp-page\" data-elementor-id=\"272\" class=\"elementor elementor-272\">\n\t\t\t\t<div class=\"elementor-element elementor-element-c16f727 e-flex e-con-boxed e-con e-parent\" data-id=\"c16f727\" data-element_type=\"container\" data-e-type=\"container\" data-settings=\"{&quot;background_background&quot;:&quot;classic&quot;}\">\n\t\t\t\t\t<div class=\"e-con-inner\">\n\t\t\t\t<div class=\"elementor-element elementor-element-f51b31b elementor-widget elementor-widget-spacer\" data-id=\"f51b31b\" data-element_type=\"widget\" data-e-type=\"widget\" data-widget_type=\"spacer.default\">\n\t\t\t\t<div class=\"elementor-widget-container\">\n\t\t\t\t\t\t\t<div class=\"elementor-spacer\">\n\t\t\t<div class=\"elementor-spacer-inner\"><\/div>\n\t\t<\/div>\n\t\t\t\t\t\t<\/div>\n\t\t\t\t<\/div>\n\t\t\t\t<div class=\"elementor-element elementor-element-e875e87 elementor-widget elementor-widget-heading\" data-id=\"e875e87\" data-element_type=\"widget\" data-e-type=\"widget\" data-widget_type=\"heading.default\">\n\t\t\t\t<div class=\"elementor-widget-container\">\n\t\t\t\t\t<h2 class=\"elementor-heading-title elementor-size-default\">Otros Proyectos<\/h2>\t\t\t\t<\/div>\n\t\t\t\t<\/div>\n\t\t\t\t<div class=\"elementor-element elementor-element-d5b9dc9 elementor-widget elementor-widget-spacer\" data-id=\"d5b9dc9\" data-element_type=\"widget\" data-e-type=\"widget\" data-widget_type=\"spacer.default\">\n\t\t\t\t<div class=\"elementor-widget-container\">\n\t\t\t\t\t\t\t<div class=\"elementor-spacer\">\n\t\t\t<div class=\"elementor-spacer-inner\"><\/div>\n\t\t<\/div>\n\t\t\t\t\t\t<\/div>\n\t\t\t\t<\/div>\n\t\t\t\t\t<\/div>\n\t\t\t\t<\/div>\n\t\t<div class=\"elementor-element elementor-element-0ba592c e-flex e-con-boxed e-con e-parent\" data-id=\"0ba592c\" data-element_type=\"container\" data-e-type=\"container\">\n\t\t\t\t\t<div class=\"e-con-inner\">\n\t\t<div class=\"elementor-element elementor-element-3f4af9f e-con-full e-flex e-con e-child\" data-id=\"3f4af9f\" data-element_type=\"container\" data-e-type=\"container\">\n\t\t\t\t<div class=\"elementor-element elementor-element-a3a62c6 elementor-widget elementor-widget-image\" data-id=\"a3a62c6\" data-element_type=\"widget\" data-e-type=\"widget\" data-widget_type=\"image.default\">\n\t\t\t\t<div class=\"elementor-widget-container\">\n\t\t\t\t\t\t\t\t\t\t\t\t\t\t\t<img fetchpriority=\"high\" decoding=\"async\" width=\"950\" height=\"950\" src=\"https:\/\/eco-terra.mx\/inicio\/wp-content\/uploads\/2024\/03\/Otros-proyectos-3-1024x1024.png\" class=\"attachment-large size-large wp-image-274\" alt=\"\" srcset=\"https:\/\/eco-terra.mx\/inicio\/wp-content\/uploads\/2024\/03\/Otros-proyectos-3-1024x1024.png 1024w, https:\/\/eco-terra.mx\/inicio\/wp-content\/uploads\/2024\/03\/Otros-proyectos-3-300x300.png 300w, https:\/\/eco-terra.mx\/inicio\/wp-content\/uploads\/2024\/03\/Otros-proyectos-3-150x150.png 150w, https:\/\/eco-terra.mx\/inicio\/wp-content\/uploads\/2024\/03\/Otros-proyectos-3.png 1080w\" sizes=\"100vw\" \/>\t\t\t\t\t\t\t\t\t\t\t\t\t\t\t<\/div>\n\t\t\t\t<\/div>\n\t\t\t\t<\/div>\n\t\t<div class=\"elementor-element elementor-element-6cff7cb e-con-full e-flex e-con e-child\" data-id=\"6cff7cb\" data-element_type=\"container\" data-e-type=\"container\">\n\t\t\t\t<div class=\"elementor-element elementor-element-f782b27 elementor-widget elementor-widget-text-editor\" data-id=\"f782b27\" data-element_type=\"widget\" data-e-type=\"widget\" data-widget_type=\"text-editor.default\">\n\t\t\t\t<div class=\"elementor-widget-container\">\n\t\t\t\t\t\t\t\t\t<p>En <b>ECOTERRA<\/b>\u00a0contamos con otros proyectos dando asi otra variedad de servicios especializados, incluyendo m\u00e9todos de termograf\u00eda infrarroja, gravimetr\u00eda y magnetometr\u00eda. Estas t\u00e9cnicas nos permiten proporcionar soluciones innovadoras y precisas para una amplia gama de proyectos, desde la detecci\u00f3n de anomal\u00edas t\u00e9rmicas hasta caracterizaci\u00f3n de la composici\u00f3n de estructuras de subsuelo. Con experiencia y tecnolog\u00eda avanzada, estamos comprometidos en ofrecer resultados confiables y efectivos para satisfacer tus necesidades.<\/p>\t\t\t\t\t\t\t\t<\/div>\n\t\t\t\t<\/div>\n\t\t\t\t<div class=\"elementor-element elementor-element-b8174f1 elementor-widget elementor-widget-text-editor\" data-id=\"b8174f1\" data-element_type=\"widget\" data-e-type=\"widget\" data-widget_type=\"text-editor.default\">\n\t\t\t\t<div class=\"elementor-widget-container\">\n\t\t\t\t\t\t\t\t\t<ul><li>M\u00e9todos de termograf\u00eda infrarrojo.<\/li><li>Gravimetr\u00eda magnetometr\u00eda.<\/li><\/ul>\t\t\t\t\t\t\t\t<\/div>\n\t\t\t\t<\/div>\n\t\t\t\t<\/div>\n\t\t\t\t\t<\/div>\n\t\t\t\t<\/div>\n\t\t\t\t<\/div>\n\t\t","protected":false},"excerpt":{"rendered":"<p>Otros Proyectos En ECOTERRA\u00a0contamos con otros proyectos dando asi otra variedad de servicios especializados, incluyendo m\u00e9todos de termograf\u00eda infrarroja, gravimetr\u00eda y magnetometr\u00eda. Estas t\u00e9cnicas nos permiten proporcionar soluciones innovadoras y precisas para una amplia gama de proyectos, desde la detecci\u00f3n de anomal\u00edas t\u00e9rmicas hasta caracterizaci\u00f3n de la composici\u00f3n de estructuras de subsuelo. Con experiencia y &hellip; <\/p>\n<p class=\"link-more\"><a href=\"https:\/\/eco-terra.mx\/inicio\/otros-proyectos-4\/\" class=\"more-link\">Leer m\u00e1s<span class=\"screen-reader-text\"> \u00ab\u00bb<\/span><\/a><\/p>\n","protected":false},"author":1,"featured_media":0,"parent":0,"menu_order":0,"comment_status":"closed","ping_status":"closed","template":"","meta":{"inspiro_hide_title":false,"footnotes":""},"class_list":["post-272","page","type-page","status-publish","hentry"],"_links":{"self":[{"href":"https:\/\/eco-terra.mx\/inicio\/wp-json\/wp\/v2\/pages\/272","targetHints":{"allow":["GET"]}}],"collection":[{"href":"https:\/\/eco-terra.mx\/inicio\/wp-json\/wp\/v2\/pages"}],"about":[{"href":"https:\/\/eco-terra.mx\/inicio\/wp-json\/wp\/v2\/types\/page"}],"author":[{"embeddable":true,"href":"https:\/\/eco-terra.mx\/inicio\/wp-json\/wp\/v2\/users\/1"}],"replies":[{"embeddable":true,"href":"https:\/\/eco-terra.mx\/inicio\/wp-json\/wp\/v2\/comments?post=272"}],"version-history":[{"count":14,"href":"https:\/\/eco-terra.mx\/inicio\/wp-json\/wp\/v2\/pages\/272\/revisions"}],"predecessor-version":[{"id":586,"href":"https:\/\/eco-terra.mx\/inicio\/wp-json\/wp\/v2\/pages\/272\/revisions\/586"}],"wp:attachment":[{"href":"https:\/\/eco-terra.mx\/inicio\/wp-json\/wp\/v2\/media?parent=272"}],"curies":[{"name":"wp","href":"https:\/\/api.w.org\/{rel}","templated":true}]}}