{"id":254,"date":"2024-03-06T23:27:22","date_gmt":"2024-03-06T23:27:22","guid":{"rendered":"https:\/\/eco-terra.mx\/inicio\/?page_id=254"},"modified":"2024-04-15T17:36:54","modified_gmt":"2024-04-15T17:36:54","slug":"proyectos-de-sector-energetico","status":"publish","type":"page","link":"https:\/\/eco-terra.mx\/inicio\/proyectos-de-sector-energetico\/","title":{"rendered":""},"content":{"rendered":"\t\t<div data-elementor-type=\"wp-page\" data-elementor-id=\"254\" class=\"elementor elementor-254\">\n\t\t\t\t<div class=\"elementor-element elementor-element-de59248 e-flex e-con-boxed e-con e-parent\" data-id=\"de59248\" data-element_type=\"container\" data-e-type=\"container\" data-settings=\"{&quot;background_background&quot;:&quot;classic&quot;}\">\n\t\t\t\t\t<div class=\"e-con-inner\">\n\t\t\t\t<div class=\"elementor-element elementor-element-425050a elementor-widget elementor-widget-spacer\" data-id=\"425050a\" data-element_type=\"widget\" data-e-type=\"widget\" data-widget_type=\"spacer.default\">\n\t\t\t\t<div class=\"elementor-widget-container\">\n\t\t\t\t\t\t\t<div class=\"elementor-spacer\">\n\t\t\t<div class=\"elementor-spacer-inner\"><\/div>\n\t\t<\/div>\n\t\t\t\t\t\t<\/div>\n\t\t\t\t<\/div>\n\t\t\t\t<div class=\"elementor-element elementor-element-3a015f1 elementor-widget elementor-widget-heading\" data-id=\"3a015f1\" data-element_type=\"widget\" data-e-type=\"widget\" data-widget_type=\"heading.default\">\n\t\t\t\t<div class=\"elementor-widget-container\">\n\t\t\t\t\t<h2 class=\"elementor-heading-title elementor-size-default\">Proyectos de Sector Energ\u00e9tico <\/h2>\t\t\t\t<\/div>\n\t\t\t\t<\/div>\n\t\t\t\t<div class=\"elementor-element elementor-element-5af69c7 elementor-widget elementor-widget-spacer\" data-id=\"5af69c7\" data-element_type=\"widget\" data-e-type=\"widget\" data-widget_type=\"spacer.default\">\n\t\t\t\t<div class=\"elementor-widget-container\">\n\t\t\t\t\t\t\t<div class=\"elementor-spacer\">\n\t\t\t<div class=\"elementor-spacer-inner\"><\/div>\n\t\t<\/div>\n\t\t\t\t\t\t<\/div>\n\t\t\t\t<\/div>\n\t\t\t\t\t<\/div>\n\t\t\t\t<\/div>\n\t\t<div class=\"elementor-element elementor-element-7e901d2 e-flex e-con-boxed e-con e-parent\" data-id=\"7e901d2\" data-element_type=\"container\" data-e-type=\"container\">\n\t\t\t\t\t<div class=\"e-con-inner\">\n\t\t<div class=\"elementor-element elementor-element-375bd17 e-con-full e-flex e-con e-child\" data-id=\"375bd17\" data-element_type=\"container\" data-e-type=\"container\">\n\t\t\t\t<div class=\"elementor-element elementor-element-4f8a34a elementor-widget elementor-widget-image\" data-id=\"4f8a34a\" data-element_type=\"widget\" data-e-type=\"widget\" data-widget_type=\"image.default\">\n\t\t\t\t<div class=\"elementor-widget-container\">\n\t\t\t\t\t\t\t\t\t\t\t\t\t\t\t<img fetchpriority=\"high\" decoding=\"async\" width=\"950\" height=\"950\" src=\"https:\/\/eco-terra.mx\/inicio\/wp-content\/uploads\/2024\/03\/Tecnicas-sismicas-3-1024x1024.png\" class=\"attachment-large size-large wp-image-256\" alt=\"\" srcset=\"https:\/\/eco-terra.mx\/inicio\/wp-content\/uploads\/2024\/03\/Tecnicas-sismicas-3-1024x1024.png 1024w, https:\/\/eco-terra.mx\/inicio\/wp-content\/uploads\/2024\/03\/Tecnicas-sismicas-3-300x300.png 300w, https:\/\/eco-terra.mx\/inicio\/wp-content\/uploads\/2024\/03\/Tecnicas-sismicas-3-150x150.png 150w, https:\/\/eco-terra.mx\/inicio\/wp-content\/uploads\/2024\/03\/Tecnicas-sismicas-3.png 1080w\" sizes=\"100vw\" \/>\t\t\t\t\t\t\t\t\t\t\t\t\t\t\t<\/div>\n\t\t\t\t<\/div>\n\t\t\t\t<\/div>\n\t\t<div class=\"elementor-element elementor-element-fab27b6 e-con-full e-flex e-con e-child\" data-id=\"fab27b6\" data-element_type=\"container\" data-e-type=\"container\">\n\t\t\t\t<div class=\"elementor-element elementor-element-cdbf971 elementor-widget elementor-widget-text-editor\" data-id=\"cdbf971\" data-element_type=\"widget\" data-e-type=\"widget\" data-widget_type=\"text-editor.default\">\n\t\t\t\t<div class=\"elementor-widget-container\">\n\t\t\t\t\t\t\t\t\t<p><span style=\"color: #0d0d0d; font-family: S\u00f6hne, ui-sans-serif, system-ui, -apple-system, 'Segoe UI', Roboto, Ubuntu, Cantarell, 'Noto Sans', sans-serif, 'Helvetica Neue', Arial, 'Apple Color Emoji', 'Segoe UI Emoji', 'Segoe UI Symbol', 'Noto Color Emoji'; white-space-collapse: preserve; font-weight: var( --e-global-typography-text-font-weight ); text-align: var(--text-align);\">Contamos con amplias capacidades para proporcionar diversas soluciones aisladas e integrales a diversos proyectos dentro de la industria energ\u00e9tica.<\/span><\/p>\n<p>A continuaci\u00f3n&nbsp; te presentamos los servicios dentro de la industr\u00eda.<\/p>\t\t\t\t\t\t\t\t<\/div>\n\t\t\t\t<\/div>\n\t\t\t\t<div class=\"elementor-element elementor-element-8d1b30d elementor-widget elementor-widget-text-editor\" data-id=\"8d1b30d\" data-element_type=\"widget\" data-e-type=\"widget\" data-widget_type=\"text-editor.default\">\n\t\t\t\t<div class=\"elementor-widget-container\">\n\t\t\t\t\t\t\t\t\t<p>Servicios Geof\u00edsicos:<\/p>\n<ul>\n<li>T\u00e9cnicas s\u00edsmicas (s\u00edsmica de reflexi\u00f3n, de refracci\u00f3n, pasiva).<\/li>\n<li>T\u00e9cnicas el\u00e9ctricas (tomograf\u00edas, sep\u00b4s, etc).<\/li>\n<li>T\u00e9cnicas electromagn\u00e9ticas (georadar, radio detecci\u00f3n).<\/li>\n<\/ul>\n<p>Reparaci\u00f3n y modernizaci\u00f3n de infraestructura de almacenamiento y transporte de hidrocarburos.<\/p>\t\t\t\t\t\t\t\t<\/div>\n\t\t\t\t<\/div>\n\t\t\t\t<\/div>\n\t\t\t\t\t<\/div>\n\t\t\t\t<\/div>\n\t\t\t\t<\/div>\n\t\t","protected":false},"excerpt":{"rendered":"<p>Proyectos de Sector Energ\u00e9tico Contamos con amplias capacidades para proporcionar diversas soluciones aisladas e integrales a diversos proyectos dentro de la industria energ\u00e9tica. A continuaci\u00f3n&nbsp; te presentamos los servicios dentro de la industr\u00eda. Servicios Geof\u00edsicos: T\u00e9cnicas s\u00edsmicas (s\u00edsmica de reflexi\u00f3n, de refracci\u00f3n, pasiva). T\u00e9cnicas el\u00e9ctricas (tomograf\u00edas, sep\u00b4s, etc). T\u00e9cnicas electromagn\u00e9ticas (georadar, radio detecci\u00f3n). Reparaci\u00f3n y &hellip; <\/p>\n<p class=\"link-more\"><a href=\"https:\/\/eco-terra.mx\/inicio\/proyectos-de-sector-energetico\/\" class=\"more-link\">Leer m\u00e1s<span class=\"screen-reader-text\"> \u00ab\u00bb<\/span><\/a><\/p>\n","protected":false},"author":1,"featured_media":0,"parent":0,"menu_order":0,"comment_status":"closed","ping_status":"closed","template":"","meta":{"inspiro_hide_title":false,"footnotes":""},"class_list":["post-254","page","type-page","status-publish","hentry"],"_links":{"self":[{"href":"https:\/\/eco-terra.mx\/inicio\/wp-json\/wp\/v2\/pages\/254","targetHints":{"allow":["GET"]}}],"collection":[{"href":"https:\/\/eco-terra.mx\/inicio\/wp-json\/wp\/v2\/pages"}],"about":[{"href":"https:\/\/eco-terra.mx\/inicio\/wp-json\/wp\/v2\/types\/page"}],"author":[{"embeddable":true,"href":"https:\/\/eco-terra.mx\/inicio\/wp-json\/wp\/v2\/users\/1"}],"replies":[{"embeddable":true,"href":"https:\/\/eco-terra.mx\/inicio\/wp-json\/wp\/v2\/comments?post=254"}],"version-history":[{"count":21,"href":"https:\/\/eco-terra.mx\/inicio\/wp-json\/wp\/v2\/pages\/254\/revisions"}],"predecessor-version":[{"id":682,"href":"https:\/\/eco-terra.mx\/inicio\/wp-json\/wp\/v2\/pages\/254\/revisions\/682"}],"wp:attachment":[{"href":"https:\/\/eco-terra.mx\/inicio\/wp-json\/wp\/v2\/media?parent=254"}],"curies":[{"name":"wp","href":"https:\/\/api.w.org\/{rel}","templated":true}]}}