{"id":246,"date":"2024-03-06T21:48:45","date_gmt":"2024-03-06T21:48:45","guid":{"rendered":"https:\/\/eco-terra.mx\/inicio\/?page_id=246"},"modified":"2024-04-15T17:28:47","modified_gmt":"2024-04-15T17:28:47","slug":"elementor-246","status":"publish","type":"page","link":"https:\/\/eco-terra.mx\/inicio\/elementor-246\/","title":{"rendered":""},"content":{"rendered":"\t\t<div data-elementor-type=\"wp-page\" data-elementor-id=\"246\" class=\"elementor elementor-246\">\n\t\t\t\t<div class=\"elementor-element elementor-element-1452725 e-flex e-con-boxed e-con e-parent\" data-id=\"1452725\" data-element_type=\"container\" data-e-type=\"container\" data-settings=\"{&quot;background_background&quot;:&quot;classic&quot;}\">\n\t\t\t\t\t<div class=\"e-con-inner\">\n\t\t\t\t<div class=\"elementor-element elementor-element-a0e2e4d elementor-widget elementor-widget-spacer\" data-id=\"a0e2e4d\" data-element_type=\"widget\" data-e-type=\"widget\" data-widget_type=\"spacer.default\">\n\t\t\t\t<div class=\"elementor-widget-container\">\n\t\t\t\t\t\t\t<div class=\"elementor-spacer\">\n\t\t\t<div class=\"elementor-spacer-inner\"><\/div>\n\t\t<\/div>\n\t\t\t\t\t\t<\/div>\n\t\t\t\t<\/div>\n\t\t\t\t<div class=\"elementor-element elementor-element-b820c3b elementor-widget elementor-widget-heading\" data-id=\"b820c3b\" data-element_type=\"widget\" data-e-type=\"widget\" data-widget_type=\"heading.default\">\n\t\t\t\t<div class=\"elementor-widget-container\">\n\t\t\t\t\t<h2 class=\"elementor-heading-title elementor-size-default\">Soluciones Ambientales<\/h2>\t\t\t\t<\/div>\n\t\t\t\t<\/div>\n\t\t\t\t<div class=\"elementor-element elementor-element-e02a283 elementor-widget elementor-widget-spacer\" data-id=\"e02a283\" data-element_type=\"widget\" data-e-type=\"widget\" data-widget_type=\"spacer.default\">\n\t\t\t\t<div class=\"elementor-widget-container\">\n\t\t\t\t\t\t\t<div class=\"elementor-spacer\">\n\t\t\t<div class=\"elementor-spacer-inner\"><\/div>\n\t\t<\/div>\n\t\t\t\t\t\t<\/div>\n\t\t\t\t<\/div>\n\t\t\t\t\t<\/div>\n\t\t\t\t<\/div>\n\t\t<div class=\"elementor-element elementor-element-73487c9 e-flex e-con-boxed e-con e-parent\" data-id=\"73487c9\" data-element_type=\"container\" data-e-type=\"container\">\n\t\t\t\t\t<div class=\"e-con-inner\">\n\t\t<div class=\"elementor-element elementor-element-7d84778 e-con-full e-flex e-con e-child\" data-id=\"7d84778\" data-element_type=\"container\" data-e-type=\"container\">\n\t\t\t\t<div class=\"elementor-element elementor-element-13a09ce elementor-widget elementor-widget-image\" data-id=\"13a09ce\" data-element_type=\"widget\" data-e-type=\"widget\" data-widget_type=\"image.default\">\n\t\t\t\t<div class=\"elementor-widget-container\">\n\t\t\t\t\t\t\t\t\t\t\t\t\t\t\t<img fetchpriority=\"high\" decoding=\"async\" width=\"950\" height=\"950\" src=\"https:\/\/eco-terra.mx\/inicio\/wp-content\/uploads\/2024\/03\/Servicios-1-3-1024x1024.png\" class=\"attachment-large size-large wp-image-249\" alt=\"\" srcset=\"https:\/\/eco-terra.mx\/inicio\/wp-content\/uploads\/2024\/03\/Servicios-1-3-1024x1024.png 1024w, https:\/\/eco-terra.mx\/inicio\/wp-content\/uploads\/2024\/03\/Servicios-1-3-300x300.png 300w, https:\/\/eco-terra.mx\/inicio\/wp-content\/uploads\/2024\/03\/Servicios-1-3-150x150.png 150w, https:\/\/eco-terra.mx\/inicio\/wp-content\/uploads\/2024\/03\/Servicios-1-3.png 1080w\" sizes=\"100vw\" \/>\t\t\t\t\t\t\t\t\t\t\t\t\t\t\t<\/div>\n\t\t\t\t<\/div>\n\t\t\t\t<\/div>\n\t\t<div class=\"elementor-element elementor-element-38d2dc6 e-con-full e-flex e-con e-child\" data-id=\"38d2dc6\" data-element_type=\"container\" data-e-type=\"container\">\n\t\t\t\t<div class=\"elementor-element elementor-element-7f95e52 elementor-widget elementor-widget-text-editor\" data-id=\"7f95e52\" data-element_type=\"widget\" data-e-type=\"widget\" data-widget_type=\"text-editor.default\">\n\t\t\t\t<div class=\"elementor-widget-container\">\n\t\t\t\t\t\t\t\t\t<p>En un mundo cada vez m\u00e1s consciente de la importancia de conservar y proteger nuestro entorno natural, las <strong>Soluciones Ambientales<\/strong> emergen como un componente crucial en la preservaci\u00f3n de ecosistemas y la mitigaci\u00f3n de los impactos adversos sobre el medio ambiente. En un escenario donde los desaf\u00edos ambientales son cada vez m\u00e1s complejos y urgentes, la necesidad de abordar emergencias, gestionar riesgos y proveer pr\u00e1cticas sostenibles se vuelve imperativa.<\/p>\n<p><strong>Las Soluciones Ambientales<\/strong> no solo represetan un conjunto de servicios especializados, sino tambi\u00e9n una filosof\u00eda arraigada en el compromiso con la salud del planeta y las generaciones futuras. Este enfoque hol\u00edstico implica una compresi\u00f3n profunda de los sistemas naturales, as\u00ed como la capacidad de responder con agilidad y eficiencia ante cualquier situaci\u00f3n.<\/p>\n<p>La premisa fundamental de las <strong>Soluciones Ambientales<\/strong> radica en la integraci\u00f3n de m\u00faltiples disciplinas y enfoques a continuaci\u00f3n les mostramos puntualmente cuales son las <strong>Soluciones Ambientales<\/strong> con las que cuenta E<strong>coterra<\/strong>.<\/p>\t\t\t\t\t\t\t\t<\/div>\n\t\t\t\t<\/div>\n\t\t\t\t<div class=\"elementor-element elementor-element-e85adb1 elementor-widget elementor-widget-text-editor\" data-id=\"e85adb1\" data-element_type=\"widget\" data-e-type=\"widget\" data-widget_type=\"text-editor.default\">\n\t\t\t\t<div class=\"elementor-widget-container\">\n\t\t\t\t\t\t\t\t\t<ul>\n<li>Atenci\u00f3n a emergencias y plan de respuestas.<\/li>\n<li>Caracterizaci\u00f3n y mec\u00e1nica de suelos, gesti\u00f3n y evaluaci\u00f3n ambiental.<\/li>\n<li>Remediaci\u00f3n ambiental y disposici\u00f3n material.<\/li>\n<li>&nbsp;Informes y tr\u00e1mites de permisos ambientales.<\/li>\n<li>Topograf\u00eda e im\u00e1genes a\u00e9reas de \u00e1reas afectadas.<\/li>\n<li>Rehabilitaci\u00f3n de infraestructura (tuber\u00edas, concreto, vialidades, se\u00f1alizaci\u00f3n, iluminaci\u00f3n, etc).<\/li>\n<\/ul>\t\t\t\t\t\t\t\t<\/div>\n\t\t\t\t<\/div>\n\t\t\t\t<div class=\"elementor-element elementor-element-59349ae elementor-widget elementor-widget-text-editor\" data-id=\"59349ae\" data-element_type=\"widget\" data-e-type=\"widget\" data-widget_type=\"text-editor.default\">\n\t\t\t\t<div class=\"elementor-widget-container\">\n\t\t\t\t\t\t\t\t\t<p>Este enfoque interdiciplinario abarca aspectos t\u00e9cnicos, cient\u00edficos, sociales y regulator\u00edos con el fin de dise\u00f1ar respuestas efectivas y sostenibles a los desaf\u00edos ambientales contempor\u00e1neos.\u00a0<\/p>\t\t\t\t\t\t\t\t<\/div>\n\t\t\t\t<\/div>\n\t\t\t\t<\/div>\n\t\t\t\t\t<\/div>\n\t\t\t\t<\/div>\n\t\t\t\t<\/div>\n\t\t","protected":false},"excerpt":{"rendered":"<p>Soluciones Ambientales En un mundo cada vez m\u00e1s consciente de la importancia de conservar y proteger nuestro entorno natural, las Soluciones Ambientales emergen como un componente crucial en la preservaci\u00f3n de ecosistemas y la mitigaci\u00f3n de los impactos adversos sobre el medio ambiente. En un escenario donde los desaf\u00edos ambientales son cada vez m\u00e1s complejos &hellip; <\/p>\n<p class=\"link-more\"><a href=\"https:\/\/eco-terra.mx\/inicio\/elementor-246\/\" class=\"more-link\">Leer m\u00e1s<span class=\"screen-reader-text\"> \u00ab\u00bb<\/span><\/a><\/p>\n","protected":false},"author":1,"featured_media":0,"parent":0,"menu_order":0,"comment_status":"closed","ping_status":"closed","template":"","meta":{"inspiro_hide_title":false,"footnotes":""},"class_list":["post-246","page","type-page","status-publish","hentry"],"_links":{"self":[{"href":"https:\/\/eco-terra.mx\/inicio\/wp-json\/wp\/v2\/pages\/246","targetHints":{"allow":["GET"]}}],"collection":[{"href":"https:\/\/eco-terra.mx\/inicio\/wp-json\/wp\/v2\/pages"}],"about":[{"href":"https:\/\/eco-terra.mx\/inicio\/wp-json\/wp\/v2\/types\/page"}],"author":[{"embeddable":true,"href":"https:\/\/eco-terra.mx\/inicio\/wp-json\/wp\/v2\/users\/1"}],"replies":[{"embeddable":true,"href":"https:\/\/eco-terra.mx\/inicio\/wp-json\/wp\/v2\/comments?post=246"}],"version-history":[{"count":17,"href":"https:\/\/eco-terra.mx\/inicio\/wp-json\/wp\/v2\/pages\/246\/revisions"}],"predecessor-version":[{"id":675,"href":"https:\/\/eco-terra.mx\/inicio\/wp-json\/wp\/v2\/pages\/246\/revisions\/675"}],"wp:attachment":[{"href":"https:\/\/eco-terra.mx\/inicio\/wp-json\/wp\/v2\/media?parent=246"}],"curies":[{"name":"wp","href":"https:\/\/api.w.org\/{rel}","templated":true}]}}