{"id":22,"date":"2024-02-27T23:04:54","date_gmt":"2024-02-27T23:04:54","guid":{"rendered":"https:\/\/eco-terra.mx\/inicio\/?page_id=22"},"modified":"2024-03-13T18:48:07","modified_gmt":"2024-03-13T18:48:07","slug":"soluciones-ambientales","status":"publish","type":"page","link":"https:\/\/eco-terra.mx\/inicio\/soluciones-ambientales\/","title":{"rendered":""},"content":{"rendered":"\t\t<div data-elementor-type=\"wp-page\" data-elementor-id=\"22\" class=\"elementor elementor-22\">\n\t\t\t\t<div class=\"elementor-element elementor-element-9cfb941 e-flex e-con-boxed e-con e-parent\" data-id=\"9cfb941\" data-element_type=\"container\" data-e-type=\"container\" data-settings=\"{&quot;background_background&quot;:&quot;classic&quot;}\">\n\t\t\t\t\t<div class=\"e-con-inner\">\n\t\t\t\t<div class=\"elementor-element elementor-element-1b85a71 elementor-widget elementor-widget-spacer\" data-id=\"1b85a71\" data-element_type=\"widget\" data-e-type=\"widget\" data-widget_type=\"spacer.default\">\n\t\t\t\t<div class=\"elementor-widget-container\">\n\t\t\t\t\t\t\t<div class=\"elementor-spacer\">\n\t\t\t<div class=\"elementor-spacer-inner\"><\/div>\n\t\t<\/div>\n\t\t\t\t\t\t<\/div>\n\t\t\t\t<\/div>\n\t\t\t\t<div class=\"elementor-element elementor-element-90f9bfd elementor-widget elementor-widget-heading\" data-id=\"90f9bfd\" data-element_type=\"widget\" data-e-type=\"widget\" data-widget_type=\"heading.default\">\n\t\t\t\t<div class=\"elementor-widget-container\">\n\t\t\t\t\t<h2 class=\"elementor-heading-title elementor-size-default\">Soluciones<\/h2>\t\t\t\t<\/div>\n\t\t\t\t<\/div>\n\t\t\t\t<div class=\"elementor-element elementor-element-ec8c9df elementor-widget elementor-widget-spacer\" data-id=\"ec8c9df\" data-element_type=\"widget\" data-e-type=\"widget\" data-widget_type=\"spacer.default\">\n\t\t\t\t<div class=\"elementor-widget-container\">\n\t\t\t\t\t\t\t<div class=\"elementor-spacer\">\n\t\t\t<div class=\"elementor-spacer-inner\"><\/div>\n\t\t<\/div>\n\t\t\t\t\t\t<\/div>\n\t\t\t\t<\/div>\n\t\t\t\t\t<\/div>\n\t\t\t\t<\/div>\n\t\t<div class=\"elementor-element elementor-element-d8dbade e-flex e-con-boxed e-con e-parent\" data-id=\"d8dbade\" data-element_type=\"container\" data-e-type=\"container\">\n\t\t\t\t\t<div class=\"e-con-inner\">\n\t\t<div class=\"elementor-element elementor-element-ae91c5e e-con-full e-flex e-con e-child\" data-id=\"ae91c5e\" data-element_type=\"container\" data-e-type=\"container\">\n\t\t\t\t<div class=\"elementor-element elementor-element-5ed3db4 elementor-widget elementor-widget-image\" data-id=\"5ed3db4\" data-element_type=\"widget\" data-e-type=\"widget\" data-widget_type=\"image.default\">\n\t\t\t\t<div class=\"elementor-widget-container\">\n\t\t\t\t\t\t\t\t\t\t\t\t\t\t\t<img fetchpriority=\"high\" decoding=\"async\" width=\"950\" height=\"880\" src=\"https:\/\/eco-terra.mx\/inicio\/wp-content\/uploads\/2024\/03\/Soluciones-1.png\" class=\"attachment-large size-large wp-image-365\" alt=\"\" srcset=\"https:\/\/eco-terra.mx\/inicio\/wp-content\/uploads\/2024\/03\/Soluciones-1.png 988w, https:\/\/eco-terra.mx\/inicio\/wp-content\/uploads\/2024\/03\/Soluciones-1-300x278.png 300w\" sizes=\"100vw\" \/>\t\t\t\t\t\t\t\t\t\t\t\t\t\t\t<\/div>\n\t\t\t\t<\/div>\n\t\t\t\t<\/div>\n\t\t<div class=\"elementor-element elementor-element-1e7ab4d e-con-full e-flex e-con e-child\" data-id=\"1e7ab4d\" data-element_type=\"container\" data-e-type=\"container\">\n\t\t\t\t<div class=\"elementor-element elementor-element-1fd5e86 elementor-widget elementor-widget-text-editor\" data-id=\"1fd5e86\" data-element_type=\"widget\" data-e-type=\"widget\" data-widget_type=\"text-editor.default\">\n\t\t\t\t<div class=\"elementor-widget-container\">\n\t\t\t\t\t\t\t\t\t<p><span style=\"font-size: 11pt; font-family: Roboto;\">Cada \u00e1rea de la empresa est\u00e1 integrada por personal altamente capacitado en diferentes ramas al conocimiento: ge\u00f3logos, bi\u00f3logos, hi<\/span><span style=\"font-size: 11pt; font-family: Roboto;\">droge\u00f3logos<\/span><span style=\"font-size: 11pt; font-family: Roboto;\">, ingenieros, inform\u00e1ticos; adem\u00e1s de apoyarse con equipos propios de perforaci\u00f3n, muestreo y <\/span><span style=\"font-size: 11pt; font-family: Roboto;\">to<\/span><span style=\"font-size: 11pt; font-family: Roboto;\">pograf\u00eda<\/span><span style=\"font-size: 12.0pt; font-family: 'Century Gothic'; mso-ascii-font-family: 'Century Gothic'; mso-fareast-font-family: +mn-ea; mso-bidi-font-family: 'Century Gothic'; mso-fareast-theme-font: minor-fareast; color: #231f20; letter-spacing: -.05pt; mso-font-kerning: 12.0pt; language: es-MX; mso-style-textfill-type: solid; mso-style-textfill-fill-color: #231F20; mso-style-textfill-fill-alpha: 100.0%;\">.<\/span><\/p>\t\t\t\t\t\t\t\t<\/div>\n\t\t\t\t<\/div>\n\t\t\t\t<div class=\"elementor-element elementor-element-87b5362 elementor-widget elementor-widget-text-editor\" data-id=\"87b5362\" data-element_type=\"widget\" data-e-type=\"widget\" data-widget_type=\"text-editor.default\">\n\t\t\t\t<div class=\"elementor-widget-container\">\n\t\t\t\t\t\t\t\t\t<p><span style=\"font-size: 11pt; font-family: Roboto; font-weight: bold;\">Actualmente tenemos una plantilla de 60 especialistas y 40 t\u00e9cnicos de campo.<\/span><\/p>\t\t\t\t\t\t\t\t<\/div>\n\t\t\t\t<\/div>\n\t\t\t\t<div class=\"elementor-element elementor-element-2b9c69a elementor-widget elementor-widget-text-editor\" data-id=\"2b9c69a\" data-element_type=\"widget\" data-e-type=\"widget\" data-widget_type=\"text-editor.default\">\n\t\t\t\t<div class=\"elementor-widget-container\">\n\t\t\t\t\t\t\t\t\t<p><span style=\"font-size: 11pt; font-family: Roboto;\">Contamos con el mayor y m\u00e1s completo cuerpo t\u00e9cnico de asesores, conformado por <\/span><span style=\"font-size: 11pt; font-family: Roboto;\">especialis<\/span><span style=\"font-size: 11pt; font-family: Roboto;\">tas nacionales e internacionales de relevante trayectoria en campos esenciales para el buen desarrollo de los proyectos ambientales<\/span><span style=\"font-size: 12.0pt; font-family: 'Century Gothic'; mso-ascii-font-family: 'Century Gothic'; mso-fareast-font-family: +mn-ea; mso-bidi-font-family: 'Century Gothic'; mso-fareast-theme-font: minor-fareast; color: #231f20; letter-spacing: -.05pt; mso-font-kerning: 12.0pt; language: es-MX; mso-style-textfill-type: solid; mso-style-textfill-fill-color: #231F20; mso-style-textfill-fill-alpha: 100.0%;\">.<\/span><\/p>\t\t\t\t\t\t\t\t<\/div>\n\t\t\t\t<\/div>\n\t\t\t\t<\/div>\n\t\t\t\t\t<\/div>\n\t\t\t\t<\/div>\n\t\t<div class=\"elementor-element elementor-element-212c1a3 e-flex e-con-boxed e-con e-parent\" data-id=\"212c1a3\" data-element_type=\"container\" data-e-type=\"container\">\n\t\t\t\t\t<div class=\"e-con-inner\">\n\t\t\t\t<div class=\"elementor-element elementor-element-fb75bc5 elementor-widget elementor-widget-image\" data-id=\"fb75bc5\" data-element_type=\"widget\" data-e-type=\"widget\" data-widget_type=\"image.default\">\n\t\t\t\t<div class=\"elementor-widget-container\">\n\t\t\t\t\t\t\t\t\t\t\t\t\t\t\t<img decoding=\"async\" width=\"950\" height=\"481\" src=\"https:\/\/eco-terra.mx\/inicio\/wp-content\/uploads\/2024\/03\/Imagen8-1024x519.png\" class=\"attachment-large size-large wp-image-370\" alt=\"\" srcset=\"https:\/\/eco-terra.mx\/inicio\/wp-content\/uploads\/2024\/03\/Imagen8-1024x519.png 1024w, https:\/\/eco-terra.mx\/inicio\/wp-content\/uploads\/2024\/03\/Imagen8-300x152.png 300w, https:\/\/eco-terra.mx\/inicio\/wp-content\/uploads\/2024\/03\/Imagen8-2000x1014.png 2000w, https:\/\/eco-terra.mx\/inicio\/wp-content\/uploads\/2024\/03\/Imagen8-1536x779.png 1536w, https:\/\/eco-terra.mx\/inicio\/wp-content\/uploads\/2024\/03\/Imagen8-2048x1038.png 2048w\" sizes=\"100vw\" \/>\t\t\t\t\t\t\t\t\t\t\t\t\t\t\t<\/div>\n\t\t\t\t<\/div>\n\t\t\t\t\t<\/div>\n\t\t\t\t<\/div>\n\t\t\t\t<\/div>\n\t\t","protected":false},"excerpt":{"rendered":"<p>Soluciones Cada \u00e1rea de la empresa est\u00e1 integrada por personal altamente capacitado en diferentes ramas al conocimiento: ge\u00f3logos, bi\u00f3logos, hidroge\u00f3logos, ingenieros, inform\u00e1ticos; adem\u00e1s de apoyarse con equipos propios de perforaci\u00f3n, muestreo y topograf\u00eda. Actualmente tenemos una plantilla de 60 especialistas y 40 t\u00e9cnicos de campo. Contamos con el mayor y m\u00e1s completo cuerpo t\u00e9cnico de &hellip; <\/p>\n<p class=\"link-more\"><a href=\"https:\/\/eco-terra.mx\/inicio\/soluciones-ambientales\/\" class=\"more-link\">Leer m\u00e1s<span class=\"screen-reader-text\"> \u00ab\u00bb<\/span><\/a><\/p>\n","protected":false},"author":1,"featured_media":0,"parent":0,"menu_order":0,"comment_status":"closed","ping_status":"closed","template":"","meta":{"inspiro_hide_title":false,"footnotes":""},"class_list":["post-22","page","type-page","status-publish","hentry"],"_links":{"self":[{"href":"https:\/\/eco-terra.mx\/inicio\/wp-json\/wp\/v2\/pages\/22","targetHints":{"allow":["GET"]}}],"collection":[{"href":"https:\/\/eco-terra.mx\/inicio\/wp-json\/wp\/v2\/pages"}],"about":[{"href":"https:\/\/eco-terra.mx\/inicio\/wp-json\/wp\/v2\/types\/page"}],"author":[{"embeddable":true,"href":"https:\/\/eco-terra.mx\/inicio\/wp-json\/wp\/v2\/users\/1"}],"replies":[{"embeddable":true,"href":"https:\/\/eco-terra.mx\/inicio\/wp-json\/wp\/v2\/comments?post=22"}],"version-history":[{"count":38,"href":"https:\/\/eco-terra.mx\/inicio\/wp-json\/wp\/v2\/pages\/22\/revisions"}],"predecessor-version":[{"id":644,"href":"https:\/\/eco-terra.mx\/inicio\/wp-json\/wp\/v2\/pages\/22\/revisions\/644"}],"wp:attachment":[{"href":"https:\/\/eco-terra.mx\/inicio\/wp-json\/wp\/v2\/media?parent=22"}],"curies":[{"name":"wp","href":"https:\/\/api.w.org\/{rel}","templated":true}]}}