{"id":15,"date":"2024-02-27T22:28:47","date_gmt":"2024-02-27T22:28:47","guid":{"rendered":"https:\/\/eco-terra.mx\/inicio\/?page_id=15"},"modified":"2024-03-13T18:44:04","modified_gmt":"2024-03-13T18:44:04","slug":"nosotros","status":"publish","type":"page","link":"https:\/\/eco-terra.mx\/inicio\/nosotros\/","title":{"rendered":""},"content":{"rendered":"\t\t<div data-elementor-type=\"wp-page\" data-elementor-id=\"15\" class=\"elementor elementor-15\">\n\t\t\t\t<div class=\"elementor-element elementor-element-bbddeb1 e-flex e-con-boxed e-con e-parent\" data-id=\"bbddeb1\" data-element_type=\"container\" data-e-type=\"container\" data-settings=\"{&quot;background_background&quot;:&quot;classic&quot;}\">\n\t\t\t\t\t<div class=\"e-con-inner\">\n\t\t\t\t<div class=\"elementor-element elementor-element-101f380 elementor-widget elementor-widget-spacer\" data-id=\"101f380\" data-element_type=\"widget\" data-e-type=\"widget\" data-widget_type=\"spacer.default\">\n\t\t\t\t<div class=\"elementor-widget-container\">\n\t\t\t\t\t\t\t<div class=\"elementor-spacer\">\n\t\t\t<div class=\"elementor-spacer-inner\"><\/div>\n\t\t<\/div>\n\t\t\t\t\t\t<\/div>\n\t\t\t\t<\/div>\n\t\t\t\t<div class=\"elementor-element elementor-element-da44a73 elementor-widget elementor-widget-heading\" data-id=\"da44a73\" data-element_type=\"widget\" data-e-type=\"widget\" data-widget_type=\"heading.default\">\n\t\t\t\t<div class=\"elementor-widget-container\">\n\t\t\t\t\t<h2 class=\"elementor-heading-title elementor-size-default\">Nosotros<\/h2>\t\t\t\t<\/div>\n\t\t\t\t<\/div>\n\t\t\t\t<div class=\"elementor-element elementor-element-1e9e87e elementor-widget elementor-widget-spacer\" data-id=\"1e9e87e\" data-element_type=\"widget\" data-e-type=\"widget\" data-widget_type=\"spacer.default\">\n\t\t\t\t<div class=\"elementor-widget-container\">\n\t\t\t\t\t\t\t<div class=\"elementor-spacer\">\n\t\t\t<div class=\"elementor-spacer-inner\"><\/div>\n\t\t<\/div>\n\t\t\t\t\t\t<\/div>\n\t\t\t\t<\/div>\n\t\t\t\t\t<\/div>\n\t\t\t\t<\/div>\n\t\t<div class=\"elementor-element elementor-element-c6c5b28 e-flex e-con-boxed e-con e-parent\" data-id=\"c6c5b28\" data-element_type=\"container\" data-e-type=\"container\">\n\t\t\t\t\t<div class=\"e-con-inner\">\n\t\t<div class=\"elementor-element elementor-element-f4395e4 e-con-full e-flex e-con e-child\" data-id=\"f4395e4\" data-element_type=\"container\" data-e-type=\"container\">\n\t\t\t\t<div class=\"elementor-element elementor-element-0675637 elementor-widget elementor-widget-heading\" data-id=\"0675637\" data-element_type=\"widget\" data-e-type=\"widget\" data-widget_type=\"heading.default\">\n\t\t\t\t<div class=\"elementor-widget-container\">\n\t\t\t\t\t<h2 class=\"elementor-heading-title elementor-size-default\">\u00bfQuienes somos?<\/h2>\t\t\t\t<\/div>\n\t\t\t\t<\/div>\n\t\t\t\t<\/div>\n\t\t<div class=\"elementor-element elementor-element-b07ce50 e-con-full e-flex e-con e-child\" data-id=\"b07ce50\" data-element_type=\"container\" data-e-type=\"container\">\n\t\t\t\t<div class=\"elementor-element elementor-element-cdc6501 elementor-widget elementor-widget-text-editor\" data-id=\"cdc6501\" data-element_type=\"widget\" data-e-type=\"widget\" data-widget_type=\"text-editor.default\">\n\t\t\t\t<div class=\"elementor-widget-container\">\n\t\t\t\t\t\t\t\t\t<p><strong>ECOTERRA<\/strong> es una empresa mexicana integrada por un grupo multidisciplinario de expertos nacionales e internacionales, comprometidos con la soluci\u00f3n de problemas ambientales del \u00e1rea energ\u00e9tica y otros sectores a trav\u00e9s de un enfoque t\u00e9cnico sustentable, desarrollo eficiente y costos competitivos.<\/p>\t\t\t\t\t\t\t\t<\/div>\n\t\t\t\t<\/div>\n\t\t\t\t<\/div>\n\t\t\t\t\t<\/div>\n\t\t\t\t<\/div>\n\t\t<div class=\"elementor-element elementor-element-d316464 e-flex e-con-boxed e-con e-parent\" data-id=\"d316464\" data-element_type=\"container\" data-e-type=\"container\">\n\t\t\t\t\t<div class=\"e-con-inner\">\n\t\t<div class=\"elementor-element elementor-element-47d8b64 e-con-full e-flex e-con e-child\" data-id=\"47d8b64\" data-element_type=\"container\" data-e-type=\"container\">\n\t\t\t\t<div class=\"elementor-element elementor-element-c98a5bf elementor-widget__width-initial elementor-widget elementor-widget-heading\" data-id=\"c98a5bf\" data-element_type=\"widget\" data-e-type=\"widget\" data-widget_type=\"heading.default\">\n\t\t\t\t<div class=\"elementor-widget-container\">\n\t\t\t\t\t<h2 class=\"elementor-heading-title elementor-size-default\">Misi\u00f3n<\/h2>\t\t\t\t<\/div>\n\t\t\t\t<\/div>\n\t\t\t\t<\/div>\n\t\t<div class=\"elementor-element elementor-element-7ef79bd e-con-full e-flex e-con e-child\" data-id=\"7ef79bd\" data-element_type=\"container\" data-e-type=\"container\">\n\t\t\t\t<\/div>\n\t\t\t\t<div class=\"elementor-element elementor-element-dfacac1 elementor-widget elementor-widget-text-editor\" data-id=\"dfacac1\" data-element_type=\"widget\" data-e-type=\"widget\" data-widget_type=\"text-editor.default\">\n\t\t\t\t<div class=\"elementor-widget-container\">\n\t\t\t\t\t\t\t\t\t<p>Ofrecemos soluciones sustentables a los clientes mediate un equipo multidiciplinario, alianzas estrat\u00e9gicas, herramientas cient\u00edficas y tecnol\u00f3gicas de vanguardia.<\/p>\t\t\t\t\t\t\t\t<\/div>\n\t\t\t\t<\/div>\n\t\t\t\t\t<\/div>\n\t\t\t\t<\/div>\n\t\t<div class=\"elementor-element elementor-element-0bea1d8 e-flex e-con-boxed e-con e-parent\" data-id=\"0bea1d8\" data-element_type=\"container\" data-e-type=\"container\">\n\t\t\t\t\t<div class=\"e-con-inner\">\n\t\t<div class=\"elementor-element elementor-element-2466954 e-con-full e-flex e-con e-child\" data-id=\"2466954\" data-element_type=\"container\" data-e-type=\"container\">\n\t\t\t\t<div class=\"elementor-element elementor-element-acc2de1 elementor-widget elementor-widget-heading\" data-id=\"acc2de1\" data-element_type=\"widget\" data-e-type=\"widget\" data-widget_type=\"heading.default\">\n\t\t\t\t<div class=\"elementor-widget-container\">\n\t\t\t\t\t<h2 class=\"elementor-heading-title elementor-size-default\">Visi\u00f3n<\/h2>\t\t\t\t<\/div>\n\t\t\t\t<\/div>\n\t\t\t\t<\/div>\n\t\t<div class=\"elementor-element elementor-element-c2a6fbd e-con-full e-flex e-con e-child\" data-id=\"c2a6fbd\" data-element_type=\"container\" data-e-type=\"container\">\n\t\t\t\t<div class=\"elementor-element elementor-element-77fa448 elementor-widget elementor-widget-text-editor\" data-id=\"77fa448\" data-element_type=\"widget\" data-e-type=\"widget\" data-widget_type=\"text-editor.default\">\n\t\t\t\t<div class=\"elementor-widget-container\">\n\t\t\t\t\t\t\t\t\t<p>Ser la empresa de consultor\u00eda ambiental de referencia a nivel internacional.<\/p>\t\t\t\t\t\t\t\t<\/div>\n\t\t\t\t<\/div>\n\t\t\t\t<\/div>\n\t\t\t\t\t<\/div>\n\t\t\t\t<\/div>\n\t\t<div class=\"elementor-element elementor-element-5511774 e-flex e-con-boxed e-con e-parent\" data-id=\"5511774\" data-element_type=\"container\" data-e-type=\"container\">\n\t\t\t\t\t<div class=\"e-con-inner\">\n\t\t<div class=\"elementor-element elementor-element-d184ffe e-con-full e-flex e-con e-child\" data-id=\"d184ffe\" data-element_type=\"container\" data-e-type=\"container\">\n\t\t\t\t<div class=\"elementor-element elementor-element-c2c31cb elementor-widget elementor-widget-heading\" data-id=\"c2c31cb\" data-element_type=\"widget\" data-e-type=\"widget\" data-widget_type=\"heading.default\">\n\t\t\t\t<div class=\"elementor-widget-container\">\n\t\t\t\t\t<h2 class=\"elementor-heading-title elementor-size-default\">Valores<\/h2>\t\t\t\t<\/div>\n\t\t\t\t<\/div>\n\t\t\t\t<\/div>\n\t\t<div class=\"elementor-element elementor-element-f3510ae e-con-full e-flex e-con e-child\" data-id=\"f3510ae\" data-element_type=\"container\" data-e-type=\"container\">\n\t\t\t\t<div class=\"elementor-element elementor-element-acae169 elementor-widget elementor-widget-text-editor\" data-id=\"acae169\" data-element_type=\"widget\" data-e-type=\"widget\" data-widget_type=\"text-editor.default\">\n\t\t\t\t<div class=\"elementor-widget-container\">\n\t\t\t\t\t\t\t\t\t<ul>\n<li>Orientaci\u00f3n a resultados<\/li>\n<li>\u00c9tica\u00a0<\/li>\n<li>Respeto<\/li>\n<li>Compromiso<\/li>\n<li>Trabajo en equipo<\/li>\n<li>Responsabilidad\u00a0<\/li>\n<li>Actitud<\/li>\n<\/ul>\t\t\t\t\t\t\t\t<\/div>\n\t\t\t\t<\/div>\n\t\t\t\t<\/div>\n\t\t\t\t\t<\/div>\n\t\t\t\t<\/div>\n\t\t<div class=\"elementor-element elementor-element-e2cd539 e-flex e-con-boxed e-con e-parent\" data-id=\"e2cd539\" data-element_type=\"container\" data-e-type=\"container\" data-settings=\"{&quot;background_background&quot;:&quot;classic&quot;}\">\n\t\t\t\t\t<div class=\"e-con-inner\">\n\t\t<div class=\"elementor-element elementor-element-163bf2b e-con-full e-flex e-con e-child\" data-id=\"163bf2b\" data-element_type=\"container\" data-e-type=\"container\">\n\t\t\t\t<div class=\"elementor-element elementor-element-5096307 elementor-widget elementor-widget-heading\" data-id=\"5096307\" data-element_type=\"widget\" data-e-type=\"widget\" data-widget_type=\"heading.default\">\n\t\t\t\t<div class=\"elementor-widget-container\">\n\t\t\t\t\t<h2 class=\"elementor-heading-title elementor-size-default\">Nuestros Compromisos<\/h2>\t\t\t\t<\/div>\n\t\t\t\t<\/div>\n\t\t\t\t<div class=\"elementor-element elementor-element-0b8656d elementor-widget elementor-widget-text-editor\" data-id=\"0b8656d\" data-element_type=\"widget\" data-e-type=\"widget\" data-widget_type=\"text-editor.default\">\n\t\t\t\t<div class=\"elementor-widget-container\">\n\t\t\t\t\t\t\t\t\t<ul><li>Comprender a fondo la problem\u00e1tica.<\/li><li>Ofrecer soluciones integrales a partir de opciones t\u00e9cnicas y econ\u00f3micamente viables, fundamentadas en un an\u00e1lisis costo -beneficio y ambiental neto.\u00a0<\/li><li>Asesor\u00eda y apoyo t\u00e9cnico especializado durante toda la ejecuci\u00f3n y gesti\u00f3n posterior del proyecto.<\/li><\/ul>\t\t\t\t\t\t\t\t<\/div>\n\t\t\t\t<\/div>\n\t\t\t\t<\/div>\n\t\t<div class=\"elementor-element elementor-element-6cf8273 e-con-full e-flex e-con e-child\" data-id=\"6cf8273\" data-element_type=\"container\" data-e-type=\"container\">\n\t\t\t\t<div class=\"elementor-element elementor-element-b5f5179 elementor-widget elementor-widget-heading\" data-id=\"b5f5179\" data-element_type=\"widget\" data-e-type=\"widget\" data-widget_type=\"heading.default\">\n\t\t\t\t<div class=\"elementor-widget-container\">\n\t\t\t\t\t<h2 class=\"elementor-heading-title elementor-size-default\">Ventajas competitivas<\/h2>\t\t\t\t<\/div>\n\t\t\t\t<\/div>\n\t\t\t\t<div class=\"elementor-element elementor-element-152e99f elementor-widget elementor-widget-text-editor\" data-id=\"152e99f\" data-element_type=\"widget\" data-e-type=\"widget\" data-widget_type=\"text-editor.default\">\n\t\t\t\t<div class=\"elementor-widget-container\">\n\t\t\t\t\t\t\t\t\t<ul>\n<li>ECOTERRA ha consolidado el Networking Ambiental m\u00e1s completo en el pa\u00eds (m\u00e1s de 25 alianzas) para atender problem\u00e1ticas de los sectores productivos.<\/li>\n<li>Tenemos colaboraciones con universidades nacionales y extranjeras, as\u00ed como con empresas ambientales de EUA, Canad\u00e1, Espa\u00f1a y Alemania, lo que nos permite mantenernos a la vanguardia en ciencia y tecnolog\u00eda.&nbsp;<\/li>\n<li>Nuestros especialistas cuentan con experiencia de alto nivel por participaci\u00f3n en proyectos de gran escala relacionados con aspectos ambientales, como fueron la Remediaci\u00f3n de la Refiner\u00eda 18 de Marzo, el Proyecto Tri-Nacional de Geoqu\u00edmica de Suelos y emergencias ambientales como San Mart\u00edn Texmelucan.<\/li>\n<\/ul>\t\t\t\t\t\t\t\t<\/div>\n\t\t\t\t<\/div>\n\t\t\t\t<\/div>\n\t\t\t\t\t<\/div>\n\t\t\t\t<\/div>\n\t\t\t\t<\/div>\n\t\t","protected":false},"excerpt":{"rendered":"<p>Nosotros \u00bfQuienes somos? ECOTERRA es una empresa mexicana integrada por un grupo multidisciplinario de expertos nacionales e internacionales, comprometidos con la soluci\u00f3n de problemas ambientales del \u00e1rea energ\u00e9tica y otros sectores a trav\u00e9s de un enfoque t\u00e9cnico sustentable, desarrollo eficiente y costos competitivos. Misi\u00f3n Ofrecemos soluciones sustentables a los clientes mediate un equipo multidiciplinario, alianzas &hellip; <\/p>\n<p class=\"link-more\"><a href=\"https:\/\/eco-terra.mx\/inicio\/nosotros\/\" class=\"more-link\">Leer m\u00e1s<span class=\"screen-reader-text\"> \u00ab\u00bb<\/span><\/a><\/p>\n","protected":false},"author":1,"featured_media":0,"parent":0,"menu_order":0,"comment_status":"closed","ping_status":"closed","template":"","meta":{"inspiro_hide_title":false,"footnotes":""},"class_list":["post-15","page","type-page","status-publish","hentry"],"_links":{"self":[{"href":"https:\/\/eco-terra.mx\/inicio\/wp-json\/wp\/v2\/pages\/15","targetHints":{"allow":["GET"]}}],"collection":[{"href":"https:\/\/eco-terra.mx\/inicio\/wp-json\/wp\/v2\/pages"}],"about":[{"href":"https:\/\/eco-terra.mx\/inicio\/wp-json\/wp\/v2\/types\/page"}],"author":[{"embeddable":true,"href":"https:\/\/eco-terra.mx\/inicio\/wp-json\/wp\/v2\/users\/1"}],"replies":[{"embeddable":true,"href":"https:\/\/eco-terra.mx\/inicio\/wp-json\/wp\/v2\/comments?post=15"}],"version-history":[{"count":16,"href":"https:\/\/eco-terra.mx\/inicio\/wp-json\/wp\/v2\/pages\/15\/revisions"}],"predecessor-version":[{"id":640,"href":"https:\/\/eco-terra.mx\/inicio\/wp-json\/wp\/v2\/pages\/15\/revisions\/640"}],"wp:attachment":[{"href":"https:\/\/eco-terra.mx\/inicio\/wp-json\/wp\/v2\/media?parent=15"}],"curies":[{"name":"wp","href":"https:\/\/api.w.org\/{rel}","templated":true}]}}