{"id":118,"date":"2024-03-04T20:57:41","date_gmt":"2024-03-04T20:57:41","guid":{"rendered":"https:\/\/eco-terra.mx\/inicio\/?page_id=118"},"modified":"2024-05-08T17:21:39","modified_gmt":"2024-05-08T17:21:39","slug":"elementor-118","status":"publish","type":"page","link":"https:\/\/eco-terra.mx\/inicio\/","title":{"rendered":""},"content":{"rendered":"<style>\/*! elementor - v3.20.0 - 10-04-2024 *\/\n.elementor-heading-title{padding:0;margin:0;line-height:1}.elementor-widget-heading .elementor-heading-title[class*=elementor-size-]>a{color:inherit;font-size:inherit;line-height:inherit}.elementor-widget-heading .elementor-heading-title.elementor-size-small{font-size:15px}.elementor-widget-heading .elementor-heading-title.elementor-size-medium{font-size:19px}.elementor-widget-heading .elementor-heading-title.elementor-size-large{font-size:29px}.elementor-widget-heading .elementor-heading-title.elementor-size-xl{font-size:39px}.elementor-widget-heading .elementor-heading-title.elementor-size-xxl{font-size:59px}<\/style>\n<h2>Soluciones<\/h2>\n<style>\/*! elementor - v3.20.0 - 10-04-2024 *\/\n.elementor-widget-image{text-align:center}.elementor-widget-image a{display:inline-block}.elementor-widget-image a img[src$=\".svg\"]{width:48px}.elementor-widget-image img{vertical-align:middle;display:inline-block}<\/style>\n<p>\t\t\t\t\t\t\t\t\t\t<img fetchpriority=\"high\" decoding=\"async\" width=\"950\" height=\"950\" src=\"https:\/\/eco-terra.mx\/inicio\/wp-content\/uploads\/2024\/03\/Servicios-1-1-1024x1024.png\" alt=\"\" srcset=\"https:\/\/eco-terra.mx\/inicio\/wp-content\/uploads\/2024\/03\/Servicios-1-1-1024x1024.png 1024w, https:\/\/eco-terra.mx\/inicio\/wp-content\/uploads\/2024\/03\/Servicios-1-1-300x300.png 300w, https:\/\/eco-terra.mx\/inicio\/wp-content\/uploads\/2024\/03\/Servicios-1-1-150x150.png 150w, https:\/\/eco-terra.mx\/inicio\/wp-content\/uploads\/2024\/03\/Servicios-1-1.png 1080w\" sizes=\"100vw\" \/>\t\t\t\t\t\t\t\t\t\t\t\t\t<\/p>\n<h2>Soluciones Ambientales<\/p>\n<\/h2>\n<p>\t\t\t<a href=\"https:\/\/eco-terra.mx\/inicio\/elementor-246\/\"><br \/>\n\t\t\t\t\t\tHaz clic aqu\u00ed<br \/>\n\t\t\t\t\t<\/a><br \/>\n\t\t\t\t\t\t\t\t\t\t\t\t\t<img decoding=\"async\" width=\"950\" height=\"950\" src=\"https:\/\/eco-terra.mx\/inicio\/wp-content\/uploads\/2024\/03\/Tecnicas-sismicas-2-1024x1024.png\" alt=\"\" srcset=\"https:\/\/eco-terra.mx\/inicio\/wp-content\/uploads\/2024\/03\/Tecnicas-sismicas-2-1024x1024.png 1024w, https:\/\/eco-terra.mx\/inicio\/wp-content\/uploads\/2024\/03\/Tecnicas-sismicas-2-300x300.png 300w, https:\/\/eco-terra.mx\/inicio\/wp-content\/uploads\/2024\/03\/Tecnicas-sismicas-2-150x150.png 150w, https:\/\/eco-terra.mx\/inicio\/wp-content\/uploads\/2024\/03\/Tecnicas-sismicas-2.png 1080w\" sizes=\"100vw\" \/>\t\t\t\t\t\t\t\t\t\t\t\t\t<\/p>\n<h2>Proyecto de Sector Energ\u00e9tico<\/h2>\n<p>\t\t\t<a href=\"https:\/\/eco-terra.mx\/inicio\/proyectos-de-sector-energetico\/\"><br \/>\n\t\t\t\t\t\tHaz clic aqu\u00ed<br \/>\n\t\t\t\t\t<\/a><br \/>\n\t\t\t\t\t\t\t\t\t\t\t\t\t<img decoding=\"async\" width=\"950\" height=\"950\" src=\"https:\/\/eco-terra.mx\/inicio\/wp-content\/uploads\/2024\/03\/Otros-proyectos-2-1024x1024.png\" alt=\"\" srcset=\"https:\/\/eco-terra.mx\/inicio\/wp-content\/uploads\/2024\/03\/Otros-proyectos-2-1024x1024.png 1024w, https:\/\/eco-terra.mx\/inicio\/wp-content\/uploads\/2024\/03\/Otros-proyectos-2-300x300.png 300w, https:\/\/eco-terra.mx\/inicio\/wp-content\/uploads\/2024\/03\/Otros-proyectos-2-150x150.png 150w, https:\/\/eco-terra.mx\/inicio\/wp-content\/uploads\/2024\/03\/Otros-proyectos-2.png 1080w\" sizes=\"100vw\" \/>\t\t\t\t\t\t\t\t\t\t\t\t\t<\/p>\n<h2>Otros Proyectos<\/p>\n<\/h2>\n<p>\t\t\t<a href=\"https:\/\/eco-terra.mx\/inicio\/otros-proyectos-4\/\"><br \/>\n\t\t\t\t\t\tHaz clic aqu\u00ed<br \/>\n\t\t\t\t\t<\/a><br \/>\n\t\t\t\t\t\t\t\t\t\t\t\t\t<img loading=\"lazy\" decoding=\"async\" width=\"950\" height=\"950\" src=\"https:\/\/eco-terra.mx\/inicio\/wp-content\/uploads\/2024\/03\/Emergencias-1024x1024.png\" alt=\"\" srcset=\"https:\/\/eco-terra.mx\/inicio\/wp-content\/uploads\/2024\/03\/Emergencias-1024x1024.png 1024w, https:\/\/eco-terra.mx\/inicio\/wp-content\/uploads\/2024\/03\/Emergencias-300x300.png 300w, https:\/\/eco-terra.mx\/inicio\/wp-content\/uploads\/2024\/03\/Emergencias-150x150.png 150w, https:\/\/eco-terra.mx\/inicio\/wp-content\/uploads\/2024\/03\/Emergencias.png 1080w\" sizes=\"100vw\" \/>\t\t\t\t\t\t\t\t\t\t\t\t\t<\/p>\n<h2>Atenci\u00f3n a Emergencias<\/h2>\n<p>\t\t\t<a href=\"https:\/\/eco-terra.mx\/inicio\/atencion-a-emergencias\/\"><br \/>\n\t\t\t\t\t\tHaz clic aqu\u00ed<br \/>\n\t\t\t\t\t<\/a><br \/>\n\t\t\t\t\t\t\t\t\t\t\t\t\t<img loading=\"lazy\" decoding=\"async\" width=\"950\" height=\"950\" src=\"https:\/\/eco-terra.mx\/inicio\/wp-content\/uploads\/2024\/03\/Evaluacion-Ambiental-1024x1024.png\" alt=\"\" srcset=\"https:\/\/eco-terra.mx\/inicio\/wp-content\/uploads\/2024\/03\/Evaluacion-Ambiental-1024x1024.png 1024w, https:\/\/eco-terra.mx\/inicio\/wp-content\/uploads\/2024\/03\/Evaluacion-Ambiental-300x300.png 300w, https:\/\/eco-terra.mx\/inicio\/wp-content\/uploads\/2024\/03\/Evaluacion-Ambiental-150x150.png 150w, https:\/\/eco-terra.mx\/inicio\/wp-content\/uploads\/2024\/03\/Evaluacion-Ambiental.png 1080w\" sizes=\"100vw\" \/>\t\t\t\t\t\t\t\t\t\t\t\t\t<\/p>\n<h2>Evaluaci\u00f3n Ambiental<\/h2>\n<p>\t\t\t<a href=\"https:\/\/eco-terra.mx\/inicio\/evaluacion-ambiental\/\"><br \/>\n\t\t\t\t\t\tHaz clic aqu\u00ed<br \/>\n\t\t\t\t\t<\/a><br \/>\n\t\t\t\t\t\t\t\t\t\t\t\t\t<img loading=\"lazy\" decoding=\"async\" width=\"950\" height=\"950\" src=\"https:\/\/eco-terra.mx\/inicio\/wp-content\/uploads\/2024\/03\/Remediacion-Ambiental-1024x1024.png\" alt=\"\" srcset=\"https:\/\/eco-terra.mx\/inicio\/wp-content\/uploads\/2024\/03\/Remediacion-Ambiental-1024x1024.png 1024w, https:\/\/eco-terra.mx\/inicio\/wp-content\/uploads\/2024\/03\/Remediacion-Ambiental-300x300.png 300w, https:\/\/eco-terra.mx\/inicio\/wp-content\/uploads\/2024\/03\/Remediacion-Ambiental-150x150.png 150w, https:\/\/eco-terra.mx\/inicio\/wp-content\/uploads\/2024\/03\/Remediacion-Ambiental.png 1080w\" sizes=\"100vw\" \/>\t\t\t\t\t\t\t\t\t\t\t\t\t<\/p>\n<h2><a href=\"https:\/\/eco-terra.mx\/inicio\/remediacion-ambiental\/\">Remediaci\u00f3n Ambiental<\/a><\/h2>\n<p>\t\t\t<a href=\"https:\/\/eco-terra.mx\/inicio\/remediacion-ambiental\/\"><br \/>\n\t\t\t\t\t\tHaz clic aqu\u00ed<br \/>\n\t\t\t\t\t<\/a><br \/>\n\t\t\t\t\t\t\t\t\t\t\t\t\t<img loading=\"lazy\" decoding=\"async\" width=\"950\" height=\"950\" src=\"https:\/\/eco-terra.mx\/inicio\/wp-content\/uploads\/2024\/03\/Gestion-Ambiental-1024x1024.png\" alt=\"\" srcset=\"https:\/\/eco-terra.mx\/inicio\/wp-content\/uploads\/2024\/03\/Gestion-Ambiental-1024x1024.png 1024w, https:\/\/eco-terra.mx\/inicio\/wp-content\/uploads\/2024\/03\/Gestion-Ambiental-300x300.png 300w, https:\/\/eco-terra.mx\/inicio\/wp-content\/uploads\/2024\/03\/Gestion-Ambiental-150x150.png 150w, https:\/\/eco-terra.mx\/inicio\/wp-content\/uploads\/2024\/03\/Gestion-Ambiental.png 1080w\" sizes=\"100vw\" \/>\t\t\t\t\t\t\t\t\t\t\t\t\t<\/p>\n<h2>Gesti\u00f3n Ambiental<br \/><\/h2>\n<p>\t\t\t<a href=\"https:\/\/eco-terra.mx\/inicio\/gestion-ambiental\/\"><br \/>\n\t\t\t\t\t\tHaz clic aqu\u00ed<br \/>\n\t\t\t\t\t<\/a><br \/>\n\t\t\t\t\t\t\t\t\t\t\t\t\t<img loading=\"lazy\" decoding=\"async\" width=\"950\" height=\"950\" src=\"https:\/\/eco-terra.mx\/inicio\/wp-content\/uploads\/2024\/03\/Sustentabilidad-Ambiental-1024x1024.png\" alt=\"\" srcset=\"https:\/\/eco-terra.mx\/inicio\/wp-content\/uploads\/2024\/03\/Sustentabilidad-Ambiental-1024x1024.png 1024w, https:\/\/eco-terra.mx\/inicio\/wp-content\/uploads\/2024\/03\/Sustentabilidad-Ambiental-300x300.png 300w, https:\/\/eco-terra.mx\/inicio\/wp-content\/uploads\/2024\/03\/Sustentabilidad-Ambiental-150x150.png 150w, https:\/\/eco-terra.mx\/inicio\/wp-content\/uploads\/2024\/03\/Sustentabilidad-Ambiental.png 1080w\" sizes=\"100vw\" \/>\t\t\t\t\t\t\t\t\t\t\t\t\t<\/p>\n<h2>Sustentabilidad Ambiental<\/h2>\n<p>\t\t\t<a href=\"https:\/\/eco-terra.mx\/inicio\/sustentabilidad-ambiental\/\"><br \/>\n\t\t\t\t\t\tHaz clic aqu\u00ed<br \/>\n\t\t\t\t\t<\/a><br \/>\n\t\t\t\t\t\t\t\t\t\t\t\t\t<img loading=\"lazy\" decoding=\"async\" width=\"950\" height=\"950\" src=\"https:\/\/eco-terra.mx\/inicio\/wp-content\/uploads\/2024\/03\/Peritaje-Ambiental-1024x1024.png\" alt=\"\" srcset=\"https:\/\/eco-terra.mx\/inicio\/wp-content\/uploads\/2024\/03\/Peritaje-Ambiental-1024x1024.png 1024w, https:\/\/eco-terra.mx\/inicio\/wp-content\/uploads\/2024\/03\/Peritaje-Ambiental-300x300.png 300w, https:\/\/eco-terra.mx\/inicio\/wp-content\/uploads\/2024\/03\/Peritaje-Ambiental-150x150.png 150w, https:\/\/eco-terra.mx\/inicio\/wp-content\/uploads\/2024\/03\/Peritaje-Ambiental.png 1080w\" sizes=\"100vw\" \/>\t\t\t\t\t\t\t\t\t\t\t\t\t<\/p>\n<h2>Capacitaci\u00f3n y Peritaje<br \/><\/h2>\n<p>\t\t\t<a href=\"https:\/\/eco-terra.mx\/inicio\/capacitacion-y-peritaje\/\"><br \/>\n\t\t\t\t\t\tHaz clic aqu\u00ed<br \/>\n\t\t\t\t\t<\/a><br \/>\n\t\t\t\t\t\t\t\t\t\t\t\t\t<img loading=\"lazy\" decoding=\"async\" width=\"950\" height=\"950\" src=\"https:\/\/eco-terra.mx\/inicio\/wp-content\/uploads\/2024\/03\/Perforacion-y-Muestreo-1-1024x1024.png\" alt=\"\" srcset=\"https:\/\/eco-terra.mx\/inicio\/wp-content\/uploads\/2024\/03\/Perforacion-y-Muestreo-1-1024x1024.png 1024w, https:\/\/eco-terra.mx\/inicio\/wp-content\/uploads\/2024\/03\/Perforacion-y-Muestreo-1-300x300.png 300w, https:\/\/eco-terra.mx\/inicio\/wp-content\/uploads\/2024\/03\/Perforacion-y-Muestreo-1-150x150.png 150w, https:\/\/eco-terra.mx\/inicio\/wp-content\/uploads\/2024\/03\/Perforacion-y-Muestreo-1.png 1080w\" sizes=\"100vw\" \/><br \/>\n\t\t\t\t\t\t\t\t\t\t\t\t\t<img loading=\"lazy\" decoding=\"async\" width=\"950\" height=\"950\" src=\"https:\/\/eco-terra.mx\/inicio\/wp-content\/uploads\/2024\/03\/Estudios-de-subsuelo-1-1024x1024.png\" alt=\"\" srcset=\"https:\/\/eco-terra.mx\/inicio\/wp-content\/uploads\/2024\/03\/Estudios-de-subsuelo-1-1024x1024.png 1024w, https:\/\/eco-terra.mx\/inicio\/wp-content\/uploads\/2024\/03\/Estudios-de-subsuelo-1-300x300.png 300w, https:\/\/eco-terra.mx\/inicio\/wp-content\/uploads\/2024\/03\/Estudios-de-subsuelo-1-150x150.png 150w, https:\/\/eco-terra.mx\/inicio\/wp-content\/uploads\/2024\/03\/Estudios-de-subsuelo-1.png 1080w\" sizes=\"100vw\" \/><br \/>\n\t\t\t\t\t\t\t\t\t\t\t\t\t<img loading=\"lazy\" decoding=\"async\" width=\"950\" height=\"950\" src=\"https:\/\/eco-terra.mx\/inicio\/wp-content\/uploads\/2024\/03\/Sanemiento-Ambiental-1024x1024.png\" alt=\"\" srcset=\"https:\/\/eco-terra.mx\/inicio\/wp-content\/uploads\/2024\/03\/Sanemiento-Ambiental-1024x1024.png 1024w, https:\/\/eco-terra.mx\/inicio\/wp-content\/uploads\/2024\/03\/Sanemiento-Ambiental-300x300.png 300w, https:\/\/eco-terra.mx\/inicio\/wp-content\/uploads\/2024\/03\/Sanemiento-Ambiental-150x150.png 150w, https:\/\/eco-terra.mx\/inicio\/wp-content\/uploads\/2024\/03\/Sanemiento-Ambiental.png 1080w\" sizes=\"100vw\" \/>\t\t\t\t\t\t\t\t\t\t\t\t\t<\/p>\n<h2>Perforaci\u00f3n y Muestreo<\/h2>\n<p>\t\t\t<a href=\"https:\/\/eco-terra.mx\/inicio\/perforacion-y-muestreo\/\"><br \/>\n\t\t\t\t\t\tHaz clic aqu\u00ed<br \/>\n\t\t\t\t\t<\/a><\/p>\n<h2>Estudios de Subsuelo<\/h2>\n<p>\t\t\t<a href=\"https:\/\/eco-terra.mx\/inicio\/estudios-de-subsuelo\/\"><br \/>\n\t\t\t\t\t\tHaz clic aqu\u00ed<br \/>\n\t\t\t\t\t<\/a><\/p>\n<h2>Saneamiento Ambiental<\/h2>\n<p>\t\t\t<a href=\"https:\/\/eco-terra.mx\/inicio\/sanamiento-ambiental\/\"><br \/>\n\t\t\t\t\t\tHaz clic aqu\u00ed<br \/>\n\t\t\t\t\t<\/a><\/p>\n<h2>Contacto<\/h2>\n<style>\/*! elementor - v3.20.0 - 10-04-2024 *\/\n.elementor-widget-google_maps .elementor-widget-container{overflow:hidden}.elementor-widget-google_maps .elementor-custom-embed{line-height:0}.elementor-widget-google_maps iframe{height:300px}<\/style>\n<p>\t\t\t<iframe loading=\"lazy\"\n\t\t\t\t\tsrc=\"https:\/\/maps.google.com\/maps?q=Av.%20Jaime%20Balmes%20%2311%2C%20Polanco%20I%20Secci%C3%B3n%20Alcald%C3%ADa%20Miguel%20Hidalgo%20C.P.%2011510&#038;t=m&#038;z=12&#038;output=embed&#038;iwloc=near\"\n\t\t\t\t\ttitle=\"Av. Jaime Balmes #11, Polanco I Secci\u00f3n Alcald\u00eda Miguel Hidalgo C.P. 11510\"\n\t\t\t\t\taria-label=\"Av. Jaime Balmes #11, Polanco I Secci\u00f3n Alcald\u00eda Miguel Hidalgo C.P. 11510\"\n\t\t\t><\/iframe><\/p>\n<p>Av. Jaime Balmes #11, Polanco I Secci\u00f3n Alcald\u00eda Miguel Hidalgo C.P. 11510<\/p>\n<p>proyectos@eco-terra.mx<\/p>\n<p>www.eco-terra.mx<\/p>\n","protected":false},"excerpt":{"rendered":"<p>Soluciones Soluciones Ambientales Haz clic aqu\u00ed Proyecto de Sector Energ\u00e9tico Haz clic aqu\u00ed Otros Proyectos Haz clic aqu\u00ed Atenci\u00f3n a Emergencias Haz clic aqu\u00ed Evaluaci\u00f3n Ambiental Haz clic aqu\u00ed Remediaci\u00f3n Ambiental Haz clic aqu\u00ed Gesti\u00f3n Ambiental Haz clic aqu\u00ed Sustentabilidad Ambiental Haz clic aqu\u00ed Capacitaci\u00f3n y Peritaje Haz clic aqu\u00ed Perforaci\u00f3n y Muestreo Haz clic &hellip; <\/p>\n<p class=\"link-more\"><a href=\"https:\/\/eco-terra.mx\/inicio\/\" class=\"more-link\">Leer m\u00e1s<span class=\"screen-reader-text\"> \u00ab\u00bb<\/span><\/a><\/p>\n","protected":false},"author":1,"featured_media":0,"parent":0,"menu_order":0,"comment_status":"closed","ping_status":"closed","template":"","meta":{"inspiro_hide_title":false,"footnotes":""},"class_list":["post-118","page","type-page","status-publish","hentry"],"_links":{"self":[{"href":"https:\/\/eco-terra.mx\/inicio\/wp-json\/wp\/v2\/pages\/118","targetHints":{"allow":["GET"]}}],"collection":[{"href":"https:\/\/eco-terra.mx\/inicio\/wp-json\/wp\/v2\/pages"}],"about":[{"href":"https:\/\/eco-terra.mx\/inicio\/wp-json\/wp\/v2\/types\/page"}],"author":[{"embeddable":true,"href":"https:\/\/eco-terra.mx\/inicio\/wp-json\/wp\/v2\/users\/1"}],"replies":[{"embeddable":true,"href":"https:\/\/eco-terra.mx\/inicio\/wp-json\/wp\/v2\/comments?post=118"}],"version-history":[{"count":151,"href":"https:\/\/eco-terra.mx\/inicio\/wp-json\/wp\/v2\/pages\/118\/revisions"}],"predecessor-version":[{"id":672,"href":"https:\/\/eco-terra.mx\/inicio\/wp-json\/wp\/v2\/pages\/118\/revisions\/672"}],"wp:attachment":[{"href":"https:\/\/eco-terra.mx\/inicio\/wp-json\/wp\/v2\/media?parent=118"}],"curies":[{"name":"wp","href":"https:\/\/api.w.org\/{rel}","templated":true}]}}